{"id":119,"date":"2022-08-26T13:05:50","date_gmt":"2022-08-26T13:05:50","guid":{"rendered":"https:\/\/envirovet.erasmus.site\/?page_id=119"},"modified":"2024-01-30T19:30:18","modified_gmt":"2024-01-30T19:30:18","slug":"partners","status":"publish","type":"page","link":"https:\/\/envirovet.erasmus.site\/pt\/partners\/","title":{"rendered":"Parceiros"},"content":{"rendered":"<p><\/p>\n<p style=\"text-align: center;\"><img fetchpriority=\"high\" decoding=\"async\" class=\"alignnone wp-image-122 size-full\" src=\"https:\/\/envirovet.erasmus.site\/wp-content\/uploads\/2022\/08\/cwep.png\" alt=\"\" width=\"300\" height=\"300\" srcset=\"https:\/\/envirovet.erasmus.site\/wp-content\/uploads\/2022\/08\/cwep.png 300w, https:\/\/envirovet.erasmus.site\/wp-content\/uploads\/2022\/08\/cwep-150x150.png 150w\" sizes=\"(max-width: 300px) 100vw, 300px\" \/><\/p>\n<p style=\"text-align: center;\"><strong>Centrum Wspierania Edukacji i Przedsi\u0119biorczo\u015bci (CWEP) \u2013 Pol\u00f3nia<\/strong><\/p>\n<p>O Centro de Apoio \u00e0 Educa\u00e7\u00e3o e Empreendedorismo (CWEP) \u00e9 uma organiza\u00e7\u00e3o n\u00e3o-governamental fundada em 2004 por um grupo de empreendedores, professores e ativistas sociais de Rzesz\u00f3w, na Pol\u00f3nia. O CWEP colabora com institui\u00e7\u00f5es empresariais e de forma\u00e7\u00e3o. A miss\u00e3o do CWEP \u00e9 melhorar a qualidade da forma\u00e7\u00e3o profissional a todos os n\u00edveis e de todas as formas, bem como promover o empreendedorismo, de forma a fomentar a integra\u00e7\u00e3o social de todos os grupos sociais, independentemente do seu g\u00e9nero, idade ou origem \u00e9tnica. Visa melhorar a acessibilidade, qualidade e efici\u00eancia da educa\u00e7\u00e3o da popula\u00e7\u00e3o, promover e contribuir para a forma\u00e7\u00e3o de adultos, a aprendizagem ao longo da vida, o ensino online e o uso de novas tecnologias na forma\u00e7\u00e3o e empreendedorismo. A associa\u00e7\u00e3o trabalha com diversos parceiros europeus para refor\u00e7ar a posi\u00e7\u00e3o econ\u00f3mica das empresas e fornecer plataformas online \u00e0s empresas.<\/p>\n<p>Website: <a href=\"http:\/\/www.cwep.eu\">www.cwep.eu<\/a><\/p>\n<hr \/>\n<p style=\"text-align: center;\"><img decoding=\"async\" class=\"size-full wp-image-121 aligncenter\" src=\"https:\/\/envirovet.erasmus.site\/wp-content\/uploads\/2022\/08\/cuiblue.png\" alt=\"\" width=\"300\" height=\"300\" srcset=\"https:\/\/envirovet.erasmus.site\/wp-content\/uploads\/2022\/08\/cuiblue.png 300w, https:\/\/envirovet.erasmus.site\/wp-content\/uploads\/2022\/08\/cuiblue-150x150.png 150w\" sizes=\"(max-width: 300px) 100vw, 300px\" \/><strong>Cuiablue O\u00dc \u2013 Est\u00f3nia<\/strong><\/p>\n<p>A Cuiablue O\u00dc \u00e9 uma empresa social que impulsiona mudan\u00e7as sociais e ambientais positivas atrav\u00e9s de solu\u00e7\u00f5es educativas criativas para aprendizagem informal e forma\u00e7\u00e3o profissional \u00e0 medida. A Cuiablue O\u00dc \u00e9 especializada na conce\u00e7\u00e3o de ferramentas inovadoras para apoiar os processos de aprendizagem, trabalhando em conjunto com grupos de pessoas para fazer avan\u00e7ar as suas ideias ambientais, sociais ou culturais comuns, desenvolvendo simultaneamente as suas compet\u00eancias e conhecimentos.<\/p>\n<hr \/>\n<p style=\"text-align: center;\"><img decoding=\"async\" class=\"alignnone wp-image-123 size-full\" src=\"https:\/\/envirovet.erasmus.site\/wp-content\/uploads\/2022\/08\/efe.png\" alt=\"\" width=\"300\" height=\"300\" srcset=\"https:\/\/envirovet.erasmus.site\/wp-content\/uploads\/2022\/08\/efe.png 300w, https:\/\/envirovet.erasmus.site\/wp-content\/uploads\/2022\/08\/efe-150x150.png 150w\" sizes=\"(max-width: 300px) 100vw, 300px\" \/><\/p>\n<p style=\"text-align: center;\"><strong>Ecological Future Education (EFE) \u2013 Let\u00f3nia<\/strong><\/p>\n<p>A Ecological Future Education (EFE) \u00e9 uma organiza\u00e7\u00e3o privada sem fins lucrativos que foi criada para promover uma mentalidade de desenvolvimento sustent\u00e1vel na vida quotidiana.<\/p>\n<p>A EFE pretende ajudar a introduzir um novo m\u00e9todo de aprendizagem e pensamento que promova a consci\u00eancia ambiental como uma aventura interessante em que todos participam, tornando assim o mundo um lugar melhor.<\/p>\n<p>Al\u00e9m disso, trabalha com cidad\u00e3os respons\u00e1veis, sensibilizando-os para as preocupa\u00e7\u00f5es ambientais e para a forma como estas nos afetam. Procura informar os jovens sobre as quest\u00f5es ambientais, a consci\u00eancia dos h\u00e1bitos di\u00e1rios, melhorar as suas aptid\u00f5es e compet\u00eancias relativamente ao pensamento verde e promover a responsabilidade social.<\/p>\n<p>A EFE oferece forma\u00e7\u00e3o a educadores, formadores e trabalhadores jovens, visando proporcionar um acesso simplificado \u00e0 educa\u00e7\u00e3o e apoiar os jovens e as suas fam\u00edlias, garantindo a disponibilidade de forma\u00e7\u00e3o.<\/p>\n<p>Website: <a href=\"http:\/\/www.efe.lv\/eng\">www.efe.lv\/eng<\/a><\/p>\n<hr \/>\n<p style=\"text-align: center;\"><img loading=\"lazy\" decoding=\"async\" class=\"alignnone wp-image-126 size-full\" src=\"https:\/\/envirovet.erasmus.site\/wp-content\/uploads\/2022\/08\/fyg.png\" alt=\"\" width=\"300\" height=\"300\" srcset=\"https:\/\/envirovet.erasmus.site\/wp-content\/uploads\/2022\/08\/fyg.png 300w, https:\/\/envirovet.erasmus.site\/wp-content\/uploads\/2022\/08\/fyg-150x150.png 150w\" sizes=\"(max-width: 300px) 100vw, 300px\" \/><\/p>\n<p style=\"text-align: center;\"><strong>FYG &#8211; Espanha<\/strong><\/p>\n<p>A Instalofi Levante S.L. (FyG Consultores) \u00e9 uma empresa privada de forma\u00e7\u00e3o de alto n\u00edvel, pioneira na cria\u00e7\u00e3o conjunta com empresas, adultos e jovens na forma\u00e7\u00e3o sobre conceitos inovadores, cria\u00e7\u00e3o de empresas, compet\u00eancias b\u00e1sicas de empregabilidade, literacia e numeracia, empreendedorismo e forma\u00e7\u00e3o em compet\u00eancias transversais e t\u00e9cnicas.<\/p>\n<p>A FyG atua ativamente como uma empresa de educa\u00e7\u00e3o e forma\u00e7\u00e3o, promovendo e melhorando o desenvolvimento dos adultos, procurando novas oportunidades e ajudando-os a tornarem-se mais empreg\u00e1veis e a enfrentar diferentes fatores de exclus\u00e3o: jovens e adultos com necessidades educativas ou desempregados com dificuldades econ\u00f3micas ou sociais.<\/p>\n<p>A FyG tem experi\u00eancia na realiza\u00e7\u00e3o de uma vasta gama de cursos de forma\u00e7\u00e3o e programas de mentoria para empresas, empres\u00e1rios, s<em>tart-ups<\/em>, mas tamb\u00e9m para indiv\u00edduos de grupos desfavorecidos. Atua como um organismo de orienta\u00e7\u00e3o, aconselhamento e informa\u00e7\u00e3o prestando servi\u00e7os de inser\u00e7\u00e3o profissional e intermedia\u00e7\u00e3o no mercado de trabalho para desempregados.<\/p>\n<p>Nos \u00faltimos anos, tem desenvolvido e implementado v\u00e1rios projetos de coopera\u00e7\u00e3o internacional europeia com os programas Erasmus+ e COSME, abordando a cria\u00e7\u00e3o e desenvolvimento de empresas, empregabilidade, gest\u00e3o, forma\u00e7\u00e3o para <em>start-ups<\/em>, internacionaliza\u00e7\u00e3o, gamifica\u00e7\u00e3o e inova\u00e7\u00e3o na forma\u00e7\u00e3o empresarial.<\/p>\n<p>Website:\u00a0<a href=\"http:\/\/www.fygconsultores.com\/\" target=\"_blank\" rel=\"noopener\">www.fygconsultores.com<\/a><\/p>\n<hr \/>\n<p style=\"text-align: center;\"><img loading=\"lazy\" decoding=\"async\" class=\"alignnone wp-image-127 size-full\" src=\"https:\/\/envirovet.erasmus.site\/wp-content\/uploads\/2022\/08\/hkik.png\" alt=\"\" width=\"300\" height=\"300\" srcset=\"https:\/\/envirovet.erasmus.site\/wp-content\/uploads\/2022\/08\/hkik.png 300w, https:\/\/envirovet.erasmus.site\/wp-content\/uploads\/2022\/08\/hkik-150x150.png 150w\" sizes=\"(max-width: 300px) 100vw, 300px\" \/><\/p>\n<p style=\"text-align: center;\"><strong>HKIK &#8211; Hungria<\/strong><\/p>\n<p>A C\u00e2mara de Com\u00e9rcio e Ind\u00fastria do Condado de Heves (HKIK) tem como principal tarefa promover o desenvolvimento e a estrutura\u00e7\u00e3o da economia, a seguran\u00e7a das transa\u00e7\u00f5es comerciais, a equidade do comportamento do mercado e os interesses gerais e comuns dos operadores econ\u00f3micos. Em termos da sua forma, \u00e9 uma institui\u00e7\u00e3o p\u00fablica e as suas atividades baseiam-se no princ\u00edpio do autogoverno. Fornece gratuitamente v\u00e1rios servi\u00e7os econ\u00f3micos \u00e0s empresas. A HKIK opera um gabinete de projetos independente com muitos anos de experi\u00eancia em candidaturas, incluindo a conclus\u00e3o bem-sucedida de v\u00e1rias propostas LLP LdV e Erasmus+. Desde 2004, tem participado com sucesso em candidaturas para as quais tem desenvolvido uma estrat\u00e9gia adequada.<\/p>\n<p>As \u00e1reas de forma\u00e7\u00e3o profissional da C\u00e2mara expandem-se de ano para ano e atualmente v\u00e3o desde a orienta\u00e7\u00e3o e forma\u00e7\u00e3o profissional ao ensino superior profissional. As suas compet\u00eancias s\u00e3o diversas: organiza\u00e7\u00e3o de forma\u00e7\u00e3o profissional, verifica\u00e7\u00e3o e registo de contratos de est\u00e1gio, delega\u00e7\u00e3o de exames, organiza\u00e7\u00e3o do concurso \u201caluno de excel\u00eancia do com\u00e9rcio\u201d, acredita\u00e7\u00e3o e controlo de postos de est\u00e1gio, organiza\u00e7\u00e3o e coordena\u00e7\u00e3o da mesa-redonda da C\u00e2mara sobre a coordena\u00e7\u00e3o do mercado de trabalho e dos grupos de trabalho setoriais, bem como cursos de forma\u00e7\u00e3o de formadores e forma\u00e7\u00e3o de artes\u00e3os.<\/p>\n<p>Os colaboradores que trabalham na \u00e1rea da forma\u00e7\u00e3o profissional mant\u00eam contacto di\u00e1rio tanto com profissionais dos centros como das empresas. O objetivo comum das escolas profissionais, das organiza\u00e7\u00f5es empresariais e da C\u00e2mara \u00e9 formar uma equipa de profissionais altamente qualificados e criar o equil\u00edbrio certo entre o ensino geral e profissional, atrav\u00e9s da aquisi\u00e7\u00e3o de conhecimentos modernos e atualizados.<\/p>\n<hr \/>\n<p style=\"text-align: center;\"><img loading=\"lazy\" decoding=\"async\" class=\"alignnone wp-image-128 size-full\" src=\"https:\/\/envirovet.erasmus.site\/wp-content\/uploads\/2022\/08\/mindshift.png\" alt=\"\" width=\"300\" height=\"300\" srcset=\"https:\/\/envirovet.erasmus.site\/wp-content\/uploads\/2022\/08\/mindshift.png 300w, https:\/\/envirovet.erasmus.site\/wp-content\/uploads\/2022\/08\/mindshift-150x150.png 150w\" sizes=\"(max-width: 300px) 100vw, 300px\" \/><\/p>\n<p style=\"text-align: center;\"><strong>Mindshift &#8211; Portugal<\/strong><\/p>\n<p>A Mindshift \u00e9 uma empresa de consultoria especialista em Recursos Humanos que aposta na performance e atualiza\u00e7\u00e3o das compet\u00eancias das pessoas, procurando favorecer a maturidade digital e interpessoal nas organiza\u00e7\u00f5es e sociedade.<\/p>\n<p>Ao n\u00edvel nacional, a Mindshift tem como um dos seus principais parceiros a The Key Talent Portugal, uma Consulting HR Tech especializada em Social Atraction e Talent Assessment que desenvolve plataformas, como o <em>Panorama<\/em> e o <em>AplyGo<\/em>, que permitem otimizar, implementar e gerir processos de recursos humanos digitais, \u00e1geis e atrativos baseados na an\u00e1lise de dados.<\/p>\n<p>Ao n\u00edvel europeu, \u00e9 um parceiro de refer\u00eancia no desenvolvimento de projetos de coopera\u00e7\u00e3o estrat\u00e9gica transnacional para a cria\u00e7\u00e3o de solu\u00e7\u00f5es inovadoras na \u00e1rea da forma\u00e7\u00e3o de jovens e adultos, em seis \u00e1reas estrat\u00e9gicas: transforma\u00e7\u00e3o digital; <em>upskiling<\/em> &amp; <em>reskilling<\/em>; capacita\u00e7\u00e3o de mulheres; empreendedorismo &amp; criatividade; desenvolvimento sustent\u00e1vel; inclus\u00e3o &amp; empregabilidade.<\/p>\n<p>A Mindshift est\u00e1 fortemente comprometida com os princ\u00edpios de Responsabilidade Social e com a Agenda 2030 para o Desenvolvimento Sustent\u00e1vel, reunindo uma equipa de colaboradores com diversas forma\u00e7\u00f5es e experi\u00eancia profissional.<\/p>\n<p>Website: <a href=\"https:\/\/www.mindshift.pt\/\" target=\"_blank\" rel=\"noopener\">www.mindshift.pt<\/a><\/p>\n<p>Contacto: <a href=\"mailto:geral@mindshift.pt\">geral@mindshift.pt<\/a><\/p>\n<hr \/>\n<p style=\"text-align: center;\"><img loading=\"lazy\" decoding=\"async\" class=\"alignnone wp-image-129 size-full\" src=\"https:\/\/envirovet.erasmus.site\/wp-content\/uploads\/2022\/08\/spp.png\" alt=\"\" width=\"300\" height=\"300\" srcset=\"https:\/\/envirovet.erasmus.site\/wp-content\/uploads\/2022\/08\/spp.png 300w, https:\/\/envirovet.erasmus.site\/wp-content\/uploads\/2022\/08\/spp-150x150.png 150w\" sizes=\"(max-width: 300px) 100vw, 300px\" \/><\/p>\n<p style=\"text-align: center;\"><strong>\u00a0<\/strong><\/p>\n<p style=\"text-align: center;\"><strong>Mano Guru &#8211; Litu\u00e2nia<\/strong><\/p>\n<p>A organiza\u00e7\u00e3o sem fins lucrativos &#8216;Social Support Projects&#8217; \u00e9 um modelo social \u00fanico em Vilnius, Litu\u00e2nia, iniciado em 2004. O bar de saladas \u201cMano Guru\u201d \u00e9 um lugar onde acontecem grandes mudan\u00e7as na vida das pessoas. Atrav\u00e9s de um programa de reintegra\u00e7\u00e3o social, pessoas socialmente marginalizadas (especialmente ex-toxicodependentes, alco\u00f3licos e ex-reclusos) adquirem forma\u00e7\u00e3o pr\u00e1tica para se tornarem empregados de mesa, barman ou cozinheiros. Tamb\u00e9m desenvolvem compet\u00eancias sociais e recebem consultas de psic\u00f3logos e assistentes sociais. Ao longo de 18 anos, foram prestados servi\u00e7os de qualidade a mais de 450 participantes dos p\u00fablicos-alvo, dos quais cerca de 80% foram reintegrados com sucesso na sociedade. O bar &#8220;Mano Guru&#8221; implementa tamb\u00e9m pr\u00e1ticas sustent\u00e1veis.<\/p>","protected":false},"excerpt":{"rendered":"<p>Centrum Wspierania Edukacji i Przedsi\u0119biorczo\u015bci (CWEP) \u2013 Pol\u00f3nia O Centro de Apoio \u00e0 Educa\u00e7\u00e3o e Empreendedorismo (CWEP) \u00e9 uma organiza\u00e7\u00e3o n\u00e3o-governamental fundada em 2004 por um grupo de empreendedores, professores e ativistas sociais de Rzesz\u00f3w, na Pol\u00f3nia. O CWEP colabora com institui\u00e7\u00f5es empresariais e de forma\u00e7\u00e3o. A miss\u00e3o do CWEP \u00e9 melhorar a qualidade da&hellip;&nbsp;<a href=\"https:\/\/envirovet.erasmus.site\/pt\/partners\/\" rel=\"bookmark\">Ler mais &raquo;<span class=\"screen-reader-text\">Parceiros<\/span><\/a><\/p>\n","protected":false},"author":1,"featured_media":0,"parent":0,"menu_order":0,"comment_status":"closed","ping_status":"closed","template":"","meta":{"neve_meta_sidebar":"","neve_meta_container":"","neve_meta_enable_content_width":"off","neve_meta_content_width":100,"neve_meta_title_alignment":"","neve_meta_author_avatar":"","neve_post_elements_order":"","neve_meta_disable_header":"","neve_meta_disable_footer":"","neve_meta_disable_title":"","footnotes":""},"class_list":["post-119","page","type-page","status-publish","hentry"],"_links":{"self":[{"href":"https:\/\/envirovet.erasmus.site\/pt\/wp-json\/wp\/v2\/pages\/119","targetHints":{"allow":["GET"]}}],"collection":[{"href":"https:\/\/envirovet.erasmus.site\/pt\/wp-json\/wp\/v2\/pages"}],"about":[{"href":"https:\/\/envirovet.erasmus.site\/pt\/wp-json\/wp\/v2\/types\/page"}],"author":[{"embeddable":true,"href":"https:\/\/envirovet.erasmus.site\/pt\/wp-json\/wp\/v2\/users\/1"}],"replies":[{"embeddable":true,"href":"https:\/\/envirovet.erasmus.site\/pt\/wp-json\/wp\/v2\/comments?post=119"}],"version-history":[{"count":16,"href":"https:\/\/envirovet.erasmus.site\/pt\/wp-json\/wp\/v2\/pages\/119\/revisions"}],"predecessor-version":[{"id":476,"href":"https:\/\/envirovet.erasmus.site\/pt\/wp-json\/wp\/v2\/pages\/119\/revisions\/476"}],"wp:attachment":[{"href":"https:\/\/envirovet.erasmus.site\/pt\/wp-json\/wp\/v2\/media?parent=119"}],"curies":[{"name":"wp","href":"https:\/\/api.w.org\/{rel}","templated":true}]}}