{"id":61,"date":"2022-08-26T10:32:50","date_gmt":"2022-08-26T10:32:50","guid":{"rendered":"https:\/\/envirovet.erasmus.site\/?page_id=61"},"modified":"2024-01-30T19:49:09","modified_gmt":"2024-01-30T19:49:09","slug":"home","status":"publish","type":"page","link":"https:\/\/envirovet.erasmus.site\/lv\/","title":{"rendered":"S\u0101kums"},"content":{"rendered":"\t\t<div data-elementor-type=\"wp-page\" data-elementor-id=\"61\" class=\"elementor elementor-61\">\n\t\t\t\t\t\t<section class=\"elementor-section elementor-top-section elementor-element elementor-element-fc18f1f elementor-section-height-min-height elementor-section-boxed elementor-section-height-default elementor-section-items-middle\" data-id=\"fc18f1f\" data-element_type=\"section\" data-e-type=\"section\" data-settings=\"{&quot;background_background&quot;:&quot;classic&quot;}\">\n\t\t\t\t\t\t<div class=\"elementor-container elementor-column-gap-default\">\n\t\t\t\t\t<div class=\"elementor-column elementor-col-50 elementor-top-column elementor-element elementor-element-942de2e\" data-id=\"942de2e\" data-element_type=\"column\" data-e-type=\"column\">\n\t\t\t<div class=\"elementor-widget-wrap elementor-element-populated\">\n\t\t\t\t\t\t<div class=\"elementor-element elementor-element-7eab5a4 elementor-widget elementor-widget-heading\" data-id=\"7eab5a4\" data-element_type=\"widget\" data-e-type=\"widget\" data-widget_type=\"heading.default\">\n\t\t\t\t<div class=\"elementor-widget-container\">\n\t\t\t\t\t<h2 class=\"elementor-heading-title elementor-size-default\">EnviroVET<\/h2>\t\t\t\t<\/div>\n\t\t\t\t<\/div>\n\t\t\t\t<div class=\"elementor-element elementor-element-a9275ea elementor-widget elementor-widget-heading\" data-id=\"a9275ea\" data-element_type=\"widget\" data-e-type=\"widget\" data-widget_type=\"heading.default\">\n\t\t\t\t<div class=\"elementor-widget-container\">\n\t\t\t\t\t<h2 class=\"elementor-heading-title elementor-size-large\">Promoting and Tracking Environmental Sustainability in\nVET\n<\/h2>\t\t\t\t<\/div>\n\t\t\t\t<\/div>\n\t\t\t\t\t<\/div>\n\t\t<\/div>\n\t\t\t\t<div class=\"elementor-column elementor-col-50 elementor-top-column elementor-element elementor-element-7c7a09f\" data-id=\"7c7a09f\" data-element_type=\"column\" data-e-type=\"column\">\n\t\t\t<div class=\"elementor-widget-wrap elementor-element-populated\">\n\t\t\t\t\t\t<div class=\"elementor-element elementor-element-f3f68d2 elementor-widget elementor-widget-text-editor\" data-id=\"f3f68d2\" data-element_type=\"widget\" data-e-type=\"widget\" data-widget_type=\"text-editor.default\">\n\t\t\t\t<div class=\"elementor-widget-container\">\n\t\t\t\t\t\t\t\t\t<p>Projekto numeris: 2021-1-PL01-KA220-VET-000028039<br \/>Projekto trukm\u0117: 2022 01.01 \u20132024 .01.01<\/p>\t\t\t\t\t\t\t\t<\/div>\n\t\t\t\t<\/div>\n\t\t\t\t\t<\/div>\n\t\t<\/div>\n\t\t\t\t\t<\/div>\n\t\t<\/section>\n\t\t\t\t<section class=\"elementor-section elementor-top-section elementor-element elementor-element-36ee1e0 elementor-section-height-min-height elementor-section-boxed elementor-section-height-default elementor-section-items-middle\" data-id=\"36ee1e0\" data-element_type=\"section\" data-e-type=\"section\">\n\t\t\t\t\t\t<div class=\"elementor-container elementor-column-gap-default\">\n\t\t\t\t\t<div class=\"elementor-column elementor-col-50 elementor-top-column elementor-element elementor-element-e5c8cdc\" data-id=\"e5c8cdc\" data-element_type=\"column\" data-e-type=\"column\">\n\t\t\t<div class=\"elementor-widget-wrap elementor-element-populated\">\n\t\t\t\t\t\t<div class=\"elementor-element elementor-element-7e78b7e elementor-widget elementor-widget-menu-anchor\" data-id=\"7e78b7e\" data-element_type=\"widget\" data-e-type=\"widget\" data-widget_type=\"menu-anchor.default\">\n\t\t\t\t<div class=\"elementor-widget-container\">\n\t\t\t\t\t\t\t<div class=\"elementor-menu-anchor\" id=\"about\"><\/div>\n\t\t\t\t\t\t<\/div>\n\t\t\t\t<\/div>\n\t\t\t\t<div class=\"elementor-element elementor-element-d0c2826 elementor-widget elementor-widget-heading\" data-id=\"d0c2826\" data-element_type=\"widget\" data-e-type=\"widget\" data-widget_type=\"heading.default\">\n\t\t\t\t<div class=\"elementor-widget-container\">\n\t\t\t\t\t<h2 class=\"elementor-heading-title elementor-size-large\">Apie projekt\u0105<\/h2>\t\t\t\t<\/div>\n\t\t\t\t<\/div>\n\t\t\t\t<div class=\"elementor-element elementor-element-4852a22 elementor-widget elementor-widget-text-editor\" data-id=\"4852a22\" data-element_type=\"widget\" data-e-type=\"widget\" data-widget_type=\"text-editor.default\">\n\t\t\t\t<div class=\"elementor-widget-container\">\n\t\t\t\t\t\t\t\t\t<p><\/p><p><\/p><p><\/p><p><\/p><p>Projektas siekia skatinti ir remti profesinio mokymo specialist\u0173 aplinkosaugos supratimo profesin\u012f tobul\u0117jim\u0105, siekiant ir kiekybi\u0161kai \u012fvertinant sektoriaus darom\u0105 poveik\u012f aplinkai. Projektas taip pat \u012ftrauks profesijos besimokan\u010diuosius, \u0161vietimo politikos formuotojus ir darbo paremto mokymosi vykdytojus, padedant jiems tapti aplinkos kaitos iniciatyv\u0173 propaguotojais Europos profesinio rengimo ir mokymo sektoriuje.<\/p><p>Projekte taip pat bus bendradarbiaujama su Europos besimokan\u010diaisiais profesinio mokymo ir mokymo centruose, profesinio mokymo politikos formuotojais ir mokymosi darbo vietoje teik\u0117jais.<\/p><p>EnviroVET konsorciumas \u012ftrauks suinteresuot\u0105sias \u0161alis, siekdamas daryti teigiam\u0105 poveik\u012f profesinio mokymo personalui ir organizacijoms, kurios tapt\u0173 aplinkos poky\u010di\u0173 agentais.<\/p><p>Projekto tikslai yra \u0161ie:<\/p><ol><li>Gerinti \u017eali\u0173j\u0173 \u012fg\u016bd\u017ei\u0173 pripa\u017einim\u0105 tarp profesinio mokymo ir mokymo praktik\u0173<\/li><li>Didinti profesinio mokymo besimokan\u010di\u0173j\u0173 \u017ealiuosius \u012fg\u016bd\u017eius.<\/li><li>Profesinio \u0161vietimo ir mokymo organizacijose diegti geriausi\u0105 Europos praktik\u0105 aplinkos tvarumo srityje<\/li><li>Sukurti aktyv\u0173, krypting\u0105 profesinio mokym\u0173 personal\u0105 ir organizacij\u0173 tinkl\u0105, skirt\u0105 keistis aplinkos tvarumo med\u017eiaga ir i\u0161tekliais.<\/li><\/ol><p><\/p>\t\t\t\t\t\t\t\t<\/div>\n\t\t\t\t<\/div>\n\t\t\t\t\t<\/div>\n\t\t<\/div>\n\t\t\t\t<div class=\"elementor-column elementor-col-50 elementor-top-column elementor-element elementor-element-645595a\" data-id=\"645595a\" data-element_type=\"column\" data-e-type=\"column\">\n\t\t\t<div class=\"elementor-widget-wrap elementor-element-populated\">\n\t\t\t\t\t\t<div class=\"elementor-element elementor-element-4d769cf elementor-widget elementor-widget-image\" data-id=\"4d769cf\" data-element_type=\"widget\" data-e-type=\"widget\" data-widget_type=\"image.default\">\n\t\t\t\t<div class=\"elementor-widget-container\">\n\t\t\t\t\t\t\t\t\t\t\t\t\t\t\t<img fetchpriority=\"high\" decoding=\"async\" width=\"1024\" height=\"684\" src=\"https:\/\/envirovet.erasmus.site\/wp-content\/uploads\/2022\/08\/student-studying-using-laptop-computer-online-education-beautiful-woman-freelancer-writes-notes-planning-working-project-working-from-home-1024x684.jpg\" class=\"attachment-large size-large wp-image-89\" alt=\"\" srcset=\"https:\/\/envirovet.erasmus.site\/wp-content\/uploads\/2022\/08\/student-studying-using-laptop-computer-online-education-beautiful-woman-freelancer-writes-notes-planning-working-project-working-from-home-1024x684.jpg 1024w, https:\/\/envirovet.erasmus.site\/wp-content\/uploads\/2022\/08\/student-studying-using-laptop-computer-online-education-beautiful-woman-freelancer-writes-notes-planning-working-project-working-from-home-300x200.jpg 300w, https:\/\/envirovet.erasmus.site\/wp-content\/uploads\/2022\/08\/student-studying-using-laptop-computer-online-education-beautiful-woman-freelancer-writes-notes-planning-working-project-working-from-home-768x513.jpg 768w, https:\/\/envirovet.erasmus.site\/wp-content\/uploads\/2022\/08\/student-studying-using-laptop-computer-online-education-beautiful-woman-freelancer-writes-notes-planning-working-project-working-from-home-1536x1025.jpg 1536w, https:\/\/envirovet.erasmus.site\/wp-content\/uploads\/2022\/08\/student-studying-using-laptop-computer-online-education-beautiful-woman-freelancer-writes-notes-planning-working-project-working-from-home-930x620.jpg 930w, https:\/\/envirovet.erasmus.site\/wp-content\/uploads\/2022\/08\/student-studying-using-laptop-computer-online-education-beautiful-woman-freelancer-writes-notes-planning-working-project-working-from-home.jpg 2000w\" sizes=\"(max-width: 1024px) 100vw, 1024px\" \/>\t\t\t\t\t\t\t\t\t\t\t\t\t\t\t<\/div>\n\t\t\t\t<\/div>\n\t\t\t\t\t<\/div>\n\t\t<\/div>\n\t\t\t\t\t<\/div>\n\t\t<\/section>\n\t\t\t\t<section class=\"elementor-section elementor-top-section elementor-element elementor-element-3511330 elementor-section-boxed elementor-section-height-default elementor-section-height-default\" data-id=\"3511330\" data-element_type=\"section\" data-e-type=\"section\">\n\t\t\t\t\t\t<div class=\"elementor-container elementor-column-gap-default\">\n\t\t\t\t\t<div class=\"elementor-column elementor-col-100 elementor-top-column elementor-element elementor-element-ada8c71\" data-id=\"ada8c71\" data-element_type=\"column\" data-e-type=\"column\">\n\t\t\t<div class=\"elementor-widget-wrap elementor-element-populated\">\n\t\t\t\t\t\t<div class=\"elementor-element elementor-element-dd550fd elementor-widget elementor-widget-menu-anchor\" data-id=\"dd550fd\" data-element_type=\"widget\" data-e-type=\"widget\" data-widget_type=\"menu-anchor.default\">\n\t\t\t\t<div class=\"elementor-widget-container\">\n\t\t\t\t\t\t\t<div class=\"elementor-menu-anchor\" id=\"results\"><\/div>\n\t\t\t\t\t\t<\/div>\n\t\t\t\t<\/div>\n\t\t\t\t<div class=\"elementor-element elementor-element-f325eaa elementor-widget elementor-widget-heading\" data-id=\"f325eaa\" data-element_type=\"widget\" data-e-type=\"widget\" data-widget_type=\"heading.default\">\n\t\t\t\t<div class=\"elementor-widget-container\">\n\t\t\t\t\t<h2 class=\"elementor-heading-title elementor-size-large\">Projekto rezultatai<\/h2>\t\t\t\t<\/div>\n\t\t\t\t<\/div>\n\t\t\t\t\t<\/div>\n\t\t<\/div>\n\t\t\t\t\t<\/div>\n\t\t<\/section>\n\t\t\t\t<section class=\"elementor-section elementor-top-section elementor-element elementor-element-5acd940 elementor-section-height-min-height elementor-section-boxed elementor-section-height-default elementor-section-items-middle\" data-id=\"5acd940\" data-element_type=\"section\" data-e-type=\"section\">\n\t\t\t\t\t\t<div class=\"elementor-container elementor-column-gap-default\">\n\t\t\t\t\t<div class=\"elementor-column elementor-col-50 elementor-top-column elementor-element elementor-element-3a077dd\" data-id=\"3a077dd\" data-element_type=\"column\" data-e-type=\"column\">\n\t\t\t<div class=\"elementor-widget-wrap elementor-element-populated\">\n\t\t\t\t\t\t<div class=\"elementor-element elementor-element-73bfc1d elementor-widget elementor-widget-image\" data-id=\"73bfc1d\" data-element_type=\"widget\" data-e-type=\"widget\" data-widget_type=\"image.default\">\n\t\t\t\t<div class=\"elementor-widget-container\">\n\t\t\t\t\t\t\t\t\t\t\t\t\t\t\t<img decoding=\"async\" width=\"1024\" height=\"682\" src=\"https:\/\/envirovet.erasmus.site\/wp-content\/uploads\/2022\/08\/close-up-portrait-of-pretty-female-manager-from-sales-department-indoor-photo-of-smiling-woman-working-in-office-with-discussing-people-1024x682.jpg\" class=\"attachment-large size-large wp-image-96\" alt=\"\" srcset=\"https:\/\/envirovet.erasmus.site\/wp-content\/uploads\/2022\/08\/close-up-portrait-of-pretty-female-manager-from-sales-department-indoor-photo-of-smiling-woman-working-in-office-with-discussing-people-1024x682.jpg 1024w, https:\/\/envirovet.erasmus.site\/wp-content\/uploads\/2022\/08\/close-up-portrait-of-pretty-female-manager-from-sales-department-indoor-photo-of-smiling-woman-working-in-office-with-discussing-people-300x200.jpg 300w, https:\/\/envirovet.erasmus.site\/wp-content\/uploads\/2022\/08\/close-up-portrait-of-pretty-female-manager-from-sales-department-indoor-photo-of-smiling-woman-working-in-office-with-discussing-people-768x512.jpg 768w, https:\/\/envirovet.erasmus.site\/wp-content\/uploads\/2022\/08\/close-up-portrait-of-pretty-female-manager-from-sales-department-indoor-photo-of-smiling-woman-working-in-office-with-discussing-people-1536x1024.jpg 1536w, https:\/\/envirovet.erasmus.site\/wp-content\/uploads\/2022\/08\/close-up-portrait-of-pretty-female-manager-from-sales-department-indoor-photo-of-smiling-woman-working-in-office-with-discussing-people-930x620.jpg 930w, https:\/\/envirovet.erasmus.site\/wp-content\/uploads\/2022\/08\/close-up-portrait-of-pretty-female-manager-from-sales-department-indoor-photo-of-smiling-woman-working-in-office-with-discussing-people.jpg 2000w\" sizes=\"(max-width: 1024px) 100vw, 1024px\" \/>\t\t\t\t\t\t\t\t\t\t\t\t\t\t\t<\/div>\n\t\t\t\t<\/div>\n\t\t\t\t\t<\/div>\n\t\t<\/div>\n\t\t\t\t<div class=\"elementor-column elementor-col-50 elementor-top-column elementor-element elementor-element-b7c6bcb\" data-id=\"b7c6bcb\" data-element_type=\"column\" data-e-type=\"column\">\n\t\t\t<div class=\"elementor-widget-wrap elementor-element-populated\">\n\t\t\t\t\t\t<div class=\"elementor-element elementor-element-653f72d elementor-widget elementor-widget-toggle\" data-id=\"653f72d\" data-element_type=\"widget\" data-e-type=\"widget\" data-widget_type=\"toggle.default\">\n\t\t\t\t<div class=\"elementor-widget-container\">\n\t\t\t\t\t\t\t<div class=\"elementor-toggle\">\n\t\t\t\t\t\t\t<div class=\"elementor-toggle-item\">\n\t\t\t\t\t<div id=\"elementor-tab-title-1061\" class=\"elementor-tab-title\" data-tab=\"1\" role=\"button\" aria-controls=\"elementor-tab-content-1061\" aria-expanded=\"false\">\n\t\t\t\t\t\t\t\t\t\t\t\t<span class=\"elementor-toggle-icon elementor-toggle-icon-left\" aria-hidden=\"true\">\n\t\t\t\t\t\t\t\t\t\t\t\t\t\t\t<span class=\"elementor-toggle-icon-closed\"><i class=\"fas fa-caret-square-down\"><\/i><\/span>\n\t\t\t\t\t\t\t\t<span class=\"elementor-toggle-icon-opened\"><i class=\"elementor-toggle-icon-opened fas fa-caret-up\"><\/i><\/span>\n\t\t\t\t\t\t\t\t\t\t\t\t\t<\/span>\n\t\t\t\t\t\t\t\t\t\t\t\t<a class=\"elementor-toggle-title\" tabindex=\"0\">EnviroVET Ger\u0173j\u0173 Praktik\u0173 Rinkinys <\/a>\n\t\t\t\t\t<\/div>\n\n\t\t\t\t\t<div id=\"elementor-tab-content-1061\" class=\"elementor-tab-content elementor-clearfix\" data-tab=\"1\" role=\"region\" aria-labelledby=\"elementor-tab-title-1061\">geriausi\u0173 praktik\u0173, atvejo analizi\u0173 ir s\u0117km\u0117s istorij\u0173 profesinio rengimo ir mokymo institucijose rinkinys.\n<p style=\"text-align: center;\"><strong><a href=\"https:\/\/envirovet.erasmus.site\/tool\/toolkit\" target=\"_blank\" rel=\"noopener\"><span style=\"text-decoration: underline;\"><strong>OPEN<\/strong><\/span><\/a><\/strong><\/p><\/div>\n\t\t\t\t<\/div>\n\t\t\t\t\t\t\t<div class=\"elementor-toggle-item\">\n\t\t\t\t\t<div id=\"elementor-tab-title-1062\" class=\"elementor-tab-title\" data-tab=\"2\" role=\"button\" aria-controls=\"elementor-tab-content-1062\" aria-expanded=\"false\">\n\t\t\t\t\t\t\t\t\t\t\t\t<span class=\"elementor-toggle-icon elementor-toggle-icon-left\" aria-hidden=\"true\">\n\t\t\t\t\t\t\t\t\t\t\t\t\t\t\t<span class=\"elementor-toggle-icon-closed\"><i class=\"fas fa-caret-square-down\"><\/i><\/span>\n\t\t\t\t\t\t\t\t<span class=\"elementor-toggle-icon-opened\"><i class=\"elementor-toggle-icon-opened fas fa-caret-up\"><\/i><\/span>\n\t\t\t\t\t\t\t\t\t\t\t\t\t<\/span>\n\t\t\t\t\t\t\t\t\t\t\t\t<a class=\"elementor-toggle-title\" tabindex=\"0\">EnviroVET Aplinkos Chartija<\/a>\n\t\t\t\t\t<\/div>\n\n\t\t\t\t\t<div id=\"elementor-tab-content-1062\" class=\"elementor-tab-content elementor-clearfix\" data-tab=\"2\" role=\"region\" aria-labelledby=\"elementor-tab-title-1062\">joje bus i\u0161d\u0117styti minimal\u016bs reikalavimai, kuriuos turi atitikti profesinio mokymo \u012fstaigos, kad gal\u0117t\u0173 save laikyti \u201eatitinkan\u010dius aplinkosaugos reikalavimus\u201c.\n<p style=\"text-align: center;\"><strong><a href=\"https:\/\/envirovet.erasmus.site\/tool\/charter\" target=\"_blank\" rel=\"noopener\"><span style=\"text-decoration: underline;\">OPEN<\/span><\/a><\/strong><\/p><\/div>\n\t\t\t\t<\/div>\n\t\t\t\t\t\t\t<div class=\"elementor-toggle-item\">\n\t\t\t\t\t<div id=\"elementor-tab-title-1063\" class=\"elementor-tab-title\" data-tab=\"3\" role=\"button\" aria-controls=\"elementor-tab-content-1063\" aria-expanded=\"false\">\n\t\t\t\t\t\t\t\t\t\t\t\t<span class=\"elementor-toggle-icon elementor-toggle-icon-left\" aria-hidden=\"true\">\n\t\t\t\t\t\t\t\t\t\t\t\t\t\t\t<span class=\"elementor-toggle-icon-closed\"><i class=\"fas fa-caret-square-down\"><\/i><\/span>\n\t\t\t\t\t\t\t\t<span class=\"elementor-toggle-icon-opened\"><i class=\"elementor-toggle-icon-opened fas fa-caret-up\"><\/i><\/span>\n\t\t\t\t\t\t\t\t\t\t\t\t\t<\/span>\n\t\t\t\t\t\t\t\t\t\t\t\t<a class=\"elementor-toggle-title\" tabindex=\"0\">EnviroVET Poveikio Aplinkai Matavimo Priemon\u0117<\/a>\n\t\t\t\t\t<\/div>\n\n\t\t\t\t\t<div id=\"elementor-tab-content-1063\" class=\"elementor-tab-content elementor-clearfix\" data-tab=\"3\" role=\"region\" aria-labelledby=\"elementor-tab-title-1063\">internetinis, atviras, skaitmeninis vertinimo metodas ir \u012frankis, leid\u017eiantis vartotojams dalytis, palyginti ir keistis geriausia aplink\u0105 tausojan\u010di\u0173 metod\u0173 praktika.\n<p style=\"text-align: center;\"><strong><a href=\"https:\/\/envirovet.erasmus.site\/tool\/tool\" target=\"_blank\" rel=\"noopener\"><span style=\"text-decoration: underline;\">OPEN<\/span><\/a><\/strong><\/p><\/div>\n\t\t\t\t<\/div>\n\t\t\t\t\t\t\t<div class=\"elementor-toggle-item\">\n\t\t\t\t\t<div id=\"elementor-tab-title-1064\" class=\"elementor-tab-title\" data-tab=\"4\" role=\"button\" aria-controls=\"elementor-tab-content-1064\" aria-expanded=\"false\">\n\t\t\t\t\t\t\t\t\t\t\t\t<span class=\"elementor-toggle-icon elementor-toggle-icon-left\" aria-hidden=\"true\">\n\t\t\t\t\t\t\t\t\t\t\t\t\t\t\t<span class=\"elementor-toggle-icon-closed\"><i class=\"fas fa-caret-square-down\"><\/i><\/span>\n\t\t\t\t\t\t\t\t<span class=\"elementor-toggle-icon-opened\"><i class=\"elementor-toggle-icon-opened fas fa-caret-up\"><\/i><\/span>\n\t\t\t\t\t\t\t\t\t\t\t\t\t<\/span>\n\t\t\t\t\t\t\t\t\t\t\t\t<a class=\"elementor-toggle-title\" tabindex=\"0\">'EnviroVET Facilitator' nuotoliniai mokymai<\/a>\n\t\t\t\t\t<\/div>\n\n\t\t\t\t\t<div id=\"elementor-tab-content-1064\" class=\"elementor-tab-content elementor-clearfix\" data-tab=\"4\" role=\"region\" aria-labelledby=\"elementor-tab-title-1064\">atviri prieigos 30 valand\u0173 nuotoliniai kursai, skirti profesinio mokymo specialistams, dirbantiems profesinio mokymo ir mokymo sektoriuje.\n<p style=\"text-align: center;\"><strong><a href=\"https:\/\/envirovet.erasmus.site\/tool\/ecourse\" target=\"_blank\" rel=\"noopener\"><span style=\"text-decoration: underline;\"><strong>OPEN<\/strong><\/span><\/a><\/strong><\/p><\/div>\n\t\t\t\t<\/div>\n\t\t\t\t\t\t\t\t<\/div>\n\t\t\t\t\t\t<\/div>\n\t\t\t\t<\/div>\n\t\t\t\t\t<\/div>\n\t\t<\/div>\n\t\t\t\t\t<\/div>\n\t\t<\/section>\n\t\t\t\t<section class=\"elementor-section elementor-top-section elementor-element elementor-element-a5f6c3a elementor-section-boxed elementor-section-height-default elementor-section-height-default\" data-id=\"a5f6c3a\" data-element_type=\"section\" data-e-type=\"section\">\n\t\t\t\t\t\t<div class=\"elementor-container elementor-column-gap-default\">\n\t\t\t\t\t<div class=\"elementor-column elementor-col-100 elementor-top-column elementor-element elementor-element-33f68e2\" data-id=\"33f68e2\" data-element_type=\"column\" data-e-type=\"column\">\n\t\t\t<div class=\"elementor-widget-wrap elementor-element-populated\">\n\t\t\t\t\t\t<div class=\"elementor-element elementor-element-caadfaf elementor-widget elementor-widget-spacer\" data-id=\"caadfaf\" data-element_type=\"widget\" data-e-type=\"widget\" data-widget_type=\"spacer.default\">\n\t\t\t\t<div class=\"elementor-widget-container\">\n\t\t\t\t\t\t\t<div class=\"elementor-spacer\">\n\t\t\t<div class=\"elementor-spacer-inner\"><\/div>\n\t\t<\/div>\n\t\t\t\t\t\t<\/div>\n\t\t\t\t<\/div>\n\t\t\t\t\t<\/div>\n\t\t<\/div>\n\t\t\t\t\t<\/div>\n\t\t<\/section>\n\t\t\t\t<\/div>\n\t\t","protected":false},"excerpt":{"rendered":"<p>EnviroVET Promoting and Tracking Environmental Sustainability in VET Projekta numurs: 2021-1-PL01-KA220-VET-000028039Projekta ilgums: 01.01.2022 \u2013 01.01.2024 Par projektu EnviroVET projekts atbalsta profesion\u0101l\u0101s izgl\u012bt\u012bbas un apm\u0101c\u012bbas speci\u0101listu profesion\u0101lo pilnveidi, palielinot vi\u0146u izpratni par vides jaut\u0101jumiem, izmantojot virkni inovat\u012bvu projekta rezult\u0101tu, tostarp interakt\u012bvu r\u012bku, kas paredz\u0113ts, lai nov\u0113rt\u0113tu ietekmi uz vidi galvenaj\u0101s profesion\u0101l\u0101s izgl\u012bt\u012bbas un apm\u0101c\u012bbas jom\u0101s. Projekt\u0101&hellip;&nbsp;<a href=\"https:\/\/envirovet.erasmus.site\/lv\/\" rel=\"bookmark\">Read More &raquo;<span class=\"screen-reader-text\">S\u0101kums<\/span><\/a><\/p>\n","protected":false},"author":1,"featured_media":0,"parent":0,"menu_order":0,"comment_status":"closed","ping_status":"closed","template":"page-templates\/template-pagebuilder-full-width.php","meta":{"neve_meta_sidebar":"","neve_meta_container":"","neve_meta_enable_content_width":"off","neve_meta_content_width":100,"neve_meta_title_alignment":"","neve_meta_author_avatar":"","neve_post_elements_order":"","neve_meta_disable_header":"","neve_meta_disable_footer":"","neve_meta_disable_title":"","footnotes":""},"class_list":["post-61","page","type-page","status-publish","hentry"],"_links":{"self":[{"href":"https:\/\/envirovet.erasmus.site\/lv\/wp-json\/wp\/v2\/pages\/61","targetHints":{"allow":["GET"]}}],"collection":[{"href":"https:\/\/envirovet.erasmus.site\/lv\/wp-json\/wp\/v2\/pages"}],"about":[{"href":"https:\/\/envirovet.erasmus.site\/lv\/wp-json\/wp\/v2\/types\/page"}],"author":[{"embeddable":true,"href":"https:\/\/envirovet.erasmus.site\/lv\/wp-json\/wp\/v2\/users\/1"}],"replies":[{"embeddable":true,"href":"https:\/\/envirovet.erasmus.site\/lv\/wp-json\/wp\/v2\/comments?post=61"}],"version-history":[{"count":171,"href":"https:\/\/envirovet.erasmus.site\/lv\/wp-json\/wp\/v2\/pages\/61\/revisions"}],"predecessor-version":[{"id":482,"href":"https:\/\/envirovet.erasmus.site\/lv\/wp-json\/wp\/v2\/pages\/61\/revisions\/482"}],"wp:attachment":[{"href":"https:\/\/envirovet.erasmus.site\/lv\/wp-json\/wp\/v2\/media?parent=61"}],"curies":[{"name":"wp","href":"https:\/\/api.w.org\/{rel}","templated":true}]}}