{"id":119,"date":"2022-08-26T13:05:50","date_gmt":"2022-08-26T13:05:50","guid":{"rendered":"https:\/\/envirovet.erasmus.site\/?page_id=119"},"modified":"2024-01-30T19:30:18","modified_gmt":"2024-01-30T19:30:18","slug":"partners","status":"publish","type":"page","link":"https:\/\/envirovet.erasmus.site\/lv\/partners\/","title":{"rendered":"Partneri"},"content":{"rendered":"<p><\/p>\n<p style=\"text-align: center;\"><img fetchpriority=\"high\" decoding=\"async\" class=\"alignnone wp-image-122 size-full\" src=\"https:\/\/envirovet.erasmus.site\/wp-content\/uploads\/2022\/08\/cwep.png\" alt=\"\" width=\"300\" height=\"300\" srcset=\"https:\/\/envirovet.erasmus.site\/wp-content\/uploads\/2022\/08\/cwep.png 300w, https:\/\/envirovet.erasmus.site\/wp-content\/uploads\/2022\/08\/cwep-150x150.png 150w\" sizes=\"(max-width: 300px) 100vw, 300px\" \/><\/p>\n<p style=\"text-align: center;\"><strong>Centrum Wspierania Edukacji i Przedsi\u0119biorczo\u015bci (CWEP) \u2013 Polija<br \/>\n<\/strong><\/p>\n<p><strong>Centrum Wspierania Edukacji i Przedsi\u0119biorczo\u015bci <\/strong>(Centre For Education And Entrepreneurship Support, CWEP) ir nevalstiska organiz\u0101cija, ko 2004. gad\u0101 dibin\u0101ja grupa uz\u0146\u0113m\u0113ju, skolot\u0101ju un soci\u0101lo akt\u012bvistu no \u017de\u0161ovas, Polij\u0101. CWEP sadarbojas ar uz\u0146\u0113mumiem un izgl\u012bt\u012bbas iest\u0101d\u0113m. CWEP misija ir paaugstin\u0101t izgl\u012bt\u012bbas apm\u0101c\u012bbas kvalit\u0101ti visos l\u012bme\u0146os un vis\u0101s t\u0101s form\u0101s, k\u0101 ar\u012b veicin\u0101t uz\u0146\u0113m\u0113jdarb\u012bbu, lai sekm\u0113tu jebkuras soci\u0101l\u0101s grupas integr\u0101ciju neatkar\u012bgi no dzimuma, vecuma vai etnisk\u0101s izcelsmes. \u012apa\u0161i m\u0113r\u0137i ir uzlabot izgl\u012bt\u012bbas pieejam\u012bbu, kvalit\u0101ti un efektivit\u0101ti visiem cilv\u0113kiem, veicin\u0101t un sekm\u0113t pieaugu\u0161o izgl\u012bt\u012bbu, m\u016b\u017eizgl\u012bt\u012bbu, e-m\u0101c\u012bbas un jauno tehnolo\u0123iju izmanto\u0161anu izgl\u012bt\u012bb\u0101 un uz\u0146\u0113m\u0113jdarb\u012bb\u0101. Asoci\u0101cija sadarbojas ar daudziem partneriem no Eiropas, lai stiprin\u0101tu uz\u0146\u0113mumu ekonomisko st\u0101vokli, un nodro\u0161ina tie\u0161saistes platformas uz\u0146\u0113mumiem.<\/p>\n<p>M\u0101jaslapa:\u00a0<a href=\"http:\/\/www.cwep.eu\">www.cwep.eu<\/a><\/p>\n<hr \/>\n<p style=\"text-align: center;\"><img decoding=\"async\" class=\"size-full wp-image-121 aligncenter\" src=\"https:\/\/envirovet.erasmus.site\/wp-content\/uploads\/2022\/08\/cuiblue.png\" alt=\"\" width=\"300\" height=\"300\" srcset=\"https:\/\/envirovet.erasmus.site\/wp-content\/uploads\/2022\/08\/cuiblue.png 300w, https:\/\/envirovet.erasmus.site\/wp-content\/uploads\/2022\/08\/cuiblue-150x150.png 150w\" sizes=\"(max-width: 300px) 100vw, 300px\" \/><strong>Cuiablue O\u00dc \u2013 Igaunija<\/strong><\/p>\n<p>Cuiablue O\u00dc ir soci\u0101ls uz\u0146\u0113mums, kas veicina pozit\u012bvas soci\u0101l\u0101s un vides p\u0101rmai\u0146as, izmantojot rado\u0161us izgl\u012bt\u012bbas risin\u0101jumus piel\u0101gotai neform\u0101lajai izgl\u012bt\u012bbai un profesion\u0101lajai apm\u0101c\u012bbai. Cuiablue O\u00dc specializ\u0113jas inovat\u012bvu r\u012bku izstr\u0101d\u0113, lai atbalst\u012btu m\u0101c\u012bbu kust\u012bbas, str\u0101d\u0101jot kop\u0101 ar cilv\u0113ku grup\u0101m, lai att\u012bst\u012btu vi\u0146u kop\u012bg\u0101s vides, soci\u0101l\u0101s vai kult\u016bras idejas, vienlaikus pilnveidojot vi\u0146u prasmes un zin\u0101\u0161anas.<\/p>\n<hr \/>\n<p style=\"text-align: center;\"><img decoding=\"async\" class=\"alignnone wp-image-123 size-full\" src=\"https:\/\/envirovet.erasmus.site\/wp-content\/uploads\/2022\/08\/efe.png\" alt=\"\" width=\"300\" height=\"300\" srcset=\"https:\/\/envirovet.erasmus.site\/wp-content\/uploads\/2022\/08\/efe.png 300w, https:\/\/envirovet.erasmus.site\/wp-content\/uploads\/2022\/08\/efe-150x150.png 150w\" sizes=\"(max-width: 300px) 100vw, 300px\" \/><\/p>\n<p style=\"text-align: center;\"><strong>Ecological Future Education (EFE) \u2013 Latvija<\/strong><\/p>\n<p>Ecological Future Education (turpm\u0101k &#8211; EFE) ir nevalstiska organiz\u0101cija, kas izveidota, lai veicin\u0101tu ilgtsp\u0113j\u012bgas att\u012bst\u012bbas dom\u0101\u0161anu ikdienas dz\u012bv\u0113.<\/p>\n<p>EFE m\u0113r\u0137is ir pal\u012bdz\u0113t ieviest jaunu m\u0101c\u012bbu un dom\u0101\u0161anas metodi, kas veicin\u0101tu vides apzi\u0146u k\u0101 interesantu piedz\u012bvojumu, kur\u0101 piedal\u0101s ikviens, t\u0101d\u0113j\u0101di padarot pasauli lab\u0101ku.<\/p>\n<p>T\u0101pat EFE str\u0101d\u0101 ar atbild\u012bgiem iedz\u012bvot\u0101jiem, veicinot izpratni par vides probl\u0113m\u0101m un to, k\u0101 t\u0101s m\u016bs ietekm\u0113. M\u0113r\u0137is ir inform\u0113t jaunie\u0161us par vides jaut\u0101jumiem, ikdienas paradumu apzin\u0101\u0161anos, uzlabot jaunie\u0161u prasmes un kompetences attiec\u012bb\u0101 uz za\u013co dom\u0101\u0161anu un veicin\u0101t soci\u0101lo atbild\u012bbu.<\/p>\n<p>EFE nodro\u0161ina apm\u0101c\u012bbas pedagogiem, pasniedz\u0113jiem un jaunatnes darbiniekiem, k\u0101 ar\u012b jaunie\u0161iem. Galvenais m\u0113r\u0137is ir nodro\u0161in\u0101t vienk\u0101r\u0161otu piek\u013cuvi izgl\u012bt\u012bbai un atbalst\u012bt jaunie\u0161us un vi\u0146u \u0123imenes, nodro\u0161inot izgl\u012bt\u012bbas pieejam\u012bbu.<\/p>\n<p>M\u0101jaslapa:\u00a0<a href=\"http:\/\/www.efe.lv\/eng\">www.efe.lv\/eng<\/a><\/p>\n<hr \/>\n<p style=\"text-align: center;\"><img loading=\"lazy\" decoding=\"async\" class=\"alignnone wp-image-126 size-full\" src=\"https:\/\/envirovet.erasmus.site\/wp-content\/uploads\/2022\/08\/fyg.png\" alt=\"\" width=\"300\" height=\"300\" srcset=\"https:\/\/envirovet.erasmus.site\/wp-content\/uploads\/2022\/08\/fyg.png 300w, https:\/\/envirovet.erasmus.site\/wp-content\/uploads\/2022\/08\/fyg-150x150.png 150w\" sizes=\"(max-width: 300px) 100vw, 300px\" \/><\/p>\n<p style=\"text-align: center;\"><strong>FyG Consultores (FYG) &#8211; Sp\u0101nija <\/strong><\/p>\n<p>Instalofi Levante S.L. (FyG Consultores) ir priv\u0101ts, augsta l\u012bme\u0146a m\u0101c\u012bbu uz\u0146\u0113mums, kas ir pionieris sadarb\u012bb\u0101 ar uz\u0146\u0113mumiem, pieaugu\u0161ajiem un jaunie\u0161iem inovat\u012bvu koncepciju, uz\u0146\u0113m\u0113jdarb\u012bbas veido\u0161anas, nodarbin\u0101m\u012bbas pamatprasmju, rakst\u012btprasmes un r\u0113\u0137in\u0101\u0161anas prasmju, uz\u0146\u0113m\u0113jdarb\u012bbas un m\u012bksto un cieto prasmju apm\u0101c\u012bb\u0101.<\/p>\n<p>FyG akt\u012bvi darbojas k\u0101 izgl\u012bt\u012bbas un apm\u0101c\u012bbas uz\u0146\u0113mums, veicinot un sekm\u0113jot pieaugu\u0161o att\u012bst\u012bbu, mekl\u0113jot jaunas iesp\u0113jas un pal\u012bdzot vi\u0146iem k\u013c\u016bt nodarbin\u0101t\u0101kiem, saskaroties ar da\u017e\u0101diem atstumt\u012bbas faktoriem: jaunie\u0161i un pieaugu\u0161ie ar izgl\u012bt\u012bbas gr\u016bt\u012bb\u0101m, bezdarbnieki ar ekonomiskiem vai soci\u0101liem \u0161\u0137\u0113r\u0161\u013ciem.<\/p>\n<p>FyG ir pieredze da\u017e\u0101du m\u0101c\u012bbu kursu un mentoringa programmu vad\u012b\u0161an\u0101 uz\u0146\u0113mumiem, uz\u0146\u0113m\u0113jiem, jaunuz\u0146\u0113mumiem, k\u0101 ar\u012b person\u0101m no nelabv\u0113l\u012bg\u0101m grup\u0101m. T\u0101 darbojas k\u0101 iest\u0101de, kas nodro\u0161ina profesion\u0101lo orient\u0101ciju, profesion\u0101l\u0101s konsult\u0101cijas un inform\u0101ciju, sniedzot bezdarbnieku iek\u0101rto\u0161anas darb\u0101 un starpniec\u012bbas pakalpojumus darba tirg\u016b, piem\u0113ram, orient\u0101ciju, apm\u0101c\u012bbu, nov\u0113rt\u0113\u0161anu un inform\u0101ciju.<\/p>\n<p>P\u0113d\u0113jos gados FyG ir izstr\u0101d\u0101jusi un \u012bstenojusi vair\u0101kus Eiropas starptautisk\u0101s sadarb\u012bbas projektus ar Erasmus+ un COSME programmu, kas saist\u012bti ar uz\u0146\u0113mumu izveidi un att\u012bst\u012bbu, nodarbin\u0101m\u012bbu, vad\u012bbu, Start Ups apm\u0101c\u012bbu, internacionaliz\u0101ciju, Gamifik\u0101ciju un inov\u0101cij\u0101m uz\u0146\u0113m\u0113jdarb\u012bbas apm\u0101c\u012bb\u0101.<\/p>\n<p>M\u0101jaslapa:\u00a0<a href=\"http:\/\/www.fygconsultores.com\/\">fygconsultores.com<\/a><\/p>\n<hr \/>\n<p style=\"text-align: center;\"><img loading=\"lazy\" decoding=\"async\" class=\"alignnone wp-image-127 size-full\" src=\"https:\/\/envirovet.erasmus.site\/wp-content\/uploads\/2022\/08\/hkik.png\" alt=\"\" width=\"300\" height=\"300\" srcset=\"https:\/\/envirovet.erasmus.site\/wp-content\/uploads\/2022\/08\/hkik.png 300w, https:\/\/envirovet.erasmus.site\/wp-content\/uploads\/2022\/08\/hkik-150x150.png 150w\" sizes=\"(max-width: 300px) 100vw, 300px\" \/><\/p>\n<p style=\"text-align: center;\"><strong>Heves County Chamber of Commerce and Industry (HKIK) &#8211; Ung\u0101rija<\/strong><\/p>\n<p>The Heves County Chamber of Commerce and Industry (HKIK) tika izveidota 1995. gada 1. janv\u0101r\u012b p\u0113c tam, kad tika pie\u0146emts Pal\u0101tu likums. T\u0101s galvenais uzdevums ir veicin\u0101t tautsaimniec\u012bbas att\u012bst\u012bbu un organiz\u0101ciju, komercdar\u012bjumu dro\u0161\u012bbu, tirgus uzved\u012bbas god\u012bgumu un uz\u0146\u0113m\u0113ju visp\u0101r\u0113j\u0101s, kop\u012bg\u0101s intereses. P\u0113c savas formas pal\u0101ta ir valsts iest\u0101de, un t\u0101s darb\u012bba balst\u0101s uz pa\u0161p\u0101rvaldes principu. Pal\u0101ta uz\u0146\u0113mumiem bez maksas sniedz da\u017e\u0101dus saimnieciskus pakalpojumus. HKIK darbojas neatkar\u012bgs Projektu birojs, kuram ir ilggad\u0113ja pieredze konkursu r\u012bko\u0161an\u0101, tostarp veiksm\u012bgi \u012bstenoti vair\u0101ki LLP LdV un Erasmus+ konkursi. Kop\u0161 2004. gada m\u0113s veiksm\u012bgi piedal\u0101mies konkursos, kuriem esam izstr\u0101d\u0101ju\u0161i atbilsto\u0161u strat\u0113\u0123iju.<\/p>\n<p>Kameras profesion\u0101l\u0101s apm\u0101c\u012bbas uzdevumi gadu no gada tiek papla\u0161in\u0101ti, un tagad tie aptver gan profesion\u0101lo orient\u0101ciju un profesion\u0101lo apm\u0101c\u012bbu, gan du\u0101lo augst\u0101ko izgl\u012bt\u012bbu. Kameras uzdevumi: profesion\u0101l\u0101s apm\u0101c\u012bbas organiz\u0113\u0161ana, topo\u0161o m\u0101cek\u013cu l\u012bgumu p\u0101rbaude un re\u0123istr\u0101cija, eks\u0101menu dele\u0123\u0113\u0161ana, konkursa &#8220;Izcils aroda audz\u0113knis&#8221; organiz\u0113\u0161ana, m\u0101cek\u013cu amatu akredit\u0101cija un kontrole, novada apa\u013c\u0101 galda darba tirgus koordin\u0101cijas jaut\u0101jumos un nozaru darba grupu organiz\u0113\u0161ana un koordin\u0113\u0161ana, k\u0101 ar\u012b m\u0101c\u012bbu instruktoru kursu un amatnieku apm\u0101c\u012bbas organiz\u0113\u0161ana.<\/p>\n<p>Kol\u0113\u0123i, kas str\u0101d\u0101 profesion\u0101l\u0101s izgl\u012bt\u012bbas jom\u0101, uztur ikdienas kontaktus gan ar skolu, gan uz\u0146\u0113mumu speci\u0101listiem. Profesion\u0101lo skolu, uz\u0146\u0113m\u0113ju organiz\u0101ciju un pal\u0101tas kop\u012bgais m\u0113r\u0137is ir veidot augsti kvalific\u0113tu speci\u0101listu komandu un rad\u012bt pareizo l\u012bdzsvaru starp visp\u0101r\u0113jo un profesion\u0101lo izgl\u012bt\u012bbu, apg\u016bstot modernas un m\u016bsdien\u012bgas zin\u0101\u0161anas.<\/p>\n<hr \/>\n<p style=\"text-align: center;\"><img loading=\"lazy\" decoding=\"async\" class=\"alignnone wp-image-128 size-full\" src=\"https:\/\/envirovet.erasmus.site\/wp-content\/uploads\/2022\/08\/mindshift.png\" alt=\"\" width=\"300\" height=\"300\" srcset=\"https:\/\/envirovet.erasmus.site\/wp-content\/uploads\/2022\/08\/mindshift.png 300w, https:\/\/envirovet.erasmus.site\/wp-content\/uploads\/2022\/08\/mindshift-150x150.png 150w\" sizes=\"(max-width: 300px) 100vw, 300px\" \/><\/p>\n<p style=\"text-align: center;\"><strong>Mindshift &#8211; Portug\u0101le<\/strong><\/p>\n<p>Mindshift ir konsult\u0101ciju uz\u0146\u0113mums, kas specializ\u0113jas cilv\u0113kresursu jom\u0101 un invest\u0113 cilv\u0113ku kompetences uzlabo\u0161an\u0101 un pilnveido\u0161an\u0101, lai veicin\u0101tu organiz\u0101ciju un sabiedr\u012bbas digit\u0101lo un starppersonu briedumu.<\/p>\n<p>Valsts l\u012bmen\u012b MINDSHIFT viens no galvenajiem partneriem ir The Key Talent Portugal, HR Tech Consulting, kas specializ\u0113jas soci\u0101l\u0101s piesaistes un talantu nov\u0113rt\u0113\u0161anas jom\u0101 un izstr\u0101d\u0101 t\u0101das platformas k\u0101 Panorama un AplyGo, kas \u013cauj optimiz\u0113t, ieviest un p\u0101rvald\u012bt digit\u0101lus, elast\u012bgus un pievilc\u012bgus person\u0101la procesus, pamatojoties uz datu anal\u012bzi.<\/p>\n<p>Eiropas l\u012bmen\u012b m\u0113s esam strat\u0113\u0123isks partneris starptautisku sadarb\u012bbas projektu izstr\u0101d\u0113, kuru m\u0113r\u0137is ir rad\u012bt inovat\u012bvus risin\u0101jumus jaunie\u0161u un pieaugu\u0161o apm\u0101c\u012bbas jom\u0101 se\u0161\u0101s galvenaj\u0101s jom\u0101s: kvalifik\u0101cijas cel\u0161ana un p\u0101rkvalific\u0113\u0161an\u0101s, iek\u013cau\u0161ana un nodarbin\u0101t\u012bba, ilgtsp\u0113j\u012bga att\u012bst\u012bba, sievie\u0161u l\u012bdzdal\u012bba, uz\u0146\u0113m\u0113jdarb\u012bba un rado\u0161ums, k\u0101 ar\u012b digit\u0101lie talanti.<\/p>\n<p>Mindshift stingri iev\u0113ro soci\u0101l\u0101s atbild\u012bbas principus un Ilgtsp\u0113j\u012bgas att\u012bst\u012bbas programmu 2030. gadam, apvienojot darbinieku komandu ar da\u017e\u0101du izgl\u012bt\u012bbu un profesion\u0101lo pieredzi.<\/p>\n<p>M\u0101jaslapa:\u00a0<a href=\"https:\/\/www.mindshift.pt\/\">https:\/\/www.mindshift.pt\/<\/a><\/p>\n<p>Kontakti: <a href=\"mailto:geral@mindshift.pt\">geral@mindshift.pt<\/a><\/p>\n<hr \/>\n<p style=\"text-align: center;\"><img loading=\"lazy\" decoding=\"async\" class=\"alignnone wp-image-129 size-full\" src=\"https:\/\/envirovet.erasmus.site\/wp-content\/uploads\/2022\/08\/spp.png\" alt=\"\" width=\"300\" height=\"300\" srcset=\"https:\/\/envirovet.erasmus.site\/wp-content\/uploads\/2022\/08\/spp.png 300w, https:\/\/envirovet.erasmus.site\/wp-content\/uploads\/2022\/08\/spp-150x150.png 150w\" sizes=\"(max-width: 300px) 100vw, 300px\" \/><\/p>\n<p style=\"text-align: center;\"><strong>Socialiniai Paramos Projektai &#8211; Lietuva\u00a0<\/strong><\/p>\n<p>Nevalstisk\u0101 organiz\u0101cija &#8220;Socialiniai Paramos Projektai &#8221; ir unik\u0101ls soci\u0101lais modelis Vi\u013c\u0146\u0101, Lietuv\u0101, kas tika izveidots 2004. gad\u0101. Sal\u0101tu b\u0101rs &#8220;Mano Guru&#8221; ir vieta, kur notiek lielas p\u0101rmai\u0146as cilv\u0113ku dz\u012bv\u0113. Izmantojot soci\u0101l\u0101s reintegr\u0101cijas programmu, soci\u0101li atstumti cilv\u0113ki (\u012bpa\u0161i biju\u0161ie narkom\u0101ni vai alkohola atkar\u012bgie un biju\u0161ie ieslodz\u012btie) apg\u016bst praktisko apm\u0101c\u012bbu, lai k\u013c\u016btu par viesm\u012b\u013ciem, b\u0101rme\u0146iem vai pav\u0101riem. Vi\u0146i ar\u012b att\u012bsta soci\u0101l\u0101s prasmes un sa\u0146em psihologu un soci\u0101lo darbinieku konsult\u0101cijas. 18 gadu laik\u0101 kvalitat\u012bvi pakalpojumi tika sniegti vair\u0101k nek\u0101 450 dal\u012bbniekiem no m\u0113r\u0137a grup\u0101m, no kuriem aptuveni 80 % veiksm\u012bgi reintegr\u0113j\u0101s sabiedr\u012bb\u0101. Sal\u0101tu b\u0101r\u0101 tiek \u012bstenota ar\u012b ilgtsp\u0113j\u012bga prakse.<\/p>\n<hr \/>\n<p><\/p>","protected":false},"excerpt":{"rendered":"<p>Centrum Wspierania Edukacji i Przedsi\u0119biorczo\u015bci (CWEP) \u2013 Polija Centrum Wspierania Edukacji i Przedsi\u0119biorczo\u015bci (Centre For Education And Entrepreneurship Support, CWEP) ir nevalstiska organiz\u0101cija, ko 2004. gad\u0101 dibin\u0101ja grupa uz\u0146\u0113m\u0113ju, skolot\u0101ju un soci\u0101lo akt\u012bvistu no \u017de\u0161ovas, Polij\u0101. CWEP sadarbojas ar uz\u0146\u0113mumiem un izgl\u012bt\u012bbas iest\u0101d\u0113m. CWEP misija ir paaugstin\u0101t izgl\u012bt\u012bbas apm\u0101c\u012bbas kvalit\u0101ti visos l\u012bme\u0146os un vis\u0101s t\u0101s&hellip;&nbsp;<a href=\"https:\/\/envirovet.erasmus.site\/lv\/partners\/\" rel=\"bookmark\">Read More &raquo;<span class=\"screen-reader-text\">Partneri<\/span><\/a><\/p>\n","protected":false},"author":1,"featured_media":0,"parent":0,"menu_order":0,"comment_status":"closed","ping_status":"closed","template":"","meta":{"neve_meta_sidebar":"","neve_meta_container":"","neve_meta_enable_content_width":"off","neve_meta_content_width":100,"neve_meta_title_alignment":"","neve_meta_author_avatar":"","neve_post_elements_order":"","neve_meta_disable_header":"","neve_meta_disable_footer":"","neve_meta_disable_title":"","footnotes":""},"class_list":["post-119","page","type-page","status-publish","hentry"],"_links":{"self":[{"href":"https:\/\/envirovet.erasmus.site\/lv\/wp-json\/wp\/v2\/pages\/119","targetHints":{"allow":["GET"]}}],"collection":[{"href":"https:\/\/envirovet.erasmus.site\/lv\/wp-json\/wp\/v2\/pages"}],"about":[{"href":"https:\/\/envirovet.erasmus.site\/lv\/wp-json\/wp\/v2\/types\/page"}],"author":[{"embeddable":true,"href":"https:\/\/envirovet.erasmus.site\/lv\/wp-json\/wp\/v2\/users\/1"}],"replies":[{"embeddable":true,"href":"https:\/\/envirovet.erasmus.site\/lv\/wp-json\/wp\/v2\/comments?post=119"}],"version-history":[{"count":16,"href":"https:\/\/envirovet.erasmus.site\/lv\/wp-json\/wp\/v2\/pages\/119\/revisions"}],"predecessor-version":[{"id":476,"href":"https:\/\/envirovet.erasmus.site\/lv\/wp-json\/wp\/v2\/pages\/119\/revisions\/476"}],"wp:attachment":[{"href":"https:\/\/envirovet.erasmus.site\/lv\/wp-json\/wp\/v2\/media?parent=119"}],"curies":[{"name":"wp","href":"https:\/\/api.w.org\/{rel}","templated":true}]}}