{"id":119,"date":"2022-08-26T13:05:50","date_gmt":"2022-08-26T13:05:50","guid":{"rendered":"https:\/\/envirovet.erasmus.site\/?page_id=119"},"modified":"2024-01-30T19:30:18","modified_gmt":"2024-01-30T19:30:18","slug":"partners","status":"publish","type":"page","link":"https:\/\/envirovet.erasmus.site\/lt\/partners\/","title":{"rendered":"Partneriai"},"content":{"rendered":"<p><\/p>\n<p style=\"text-align: center;\"><img fetchpriority=\"high\" decoding=\"async\" class=\"alignnone wp-image-122 size-full\" src=\"https:\/\/envirovet.erasmus.site\/wp-content\/uploads\/2022\/08\/cwep.png\" alt=\"\" width=\"300\" height=\"300\" srcset=\"https:\/\/envirovet.erasmus.site\/wp-content\/uploads\/2022\/08\/cwep.png 300w, https:\/\/envirovet.erasmus.site\/wp-content\/uploads\/2022\/08\/cwep-150x150.png 150w\" sizes=\"(max-width: 300px) 100vw, 300px\" \/><\/p>\n<p style=\"text-align: center;\"><strong>\u0160vietimo ir verslumo paramos centras\u00a0 (CWEP) Lenkija <\/strong><\/p>\n<p>\u0160vietimo ir verslumo paramos centras (CWEP) yra nevyriausybin\u0117 organizacija, kuri\u0105 2004 m. \u012fk\u016br\u0117 grup\u0117 verslinink\u0173, mokytoj\u0173 ir socialini\u0173 aktyvist\u0173 i\u0161 \u017de\u0161uvo (Lenkija). CWEP bendradarbiauja su verslo \u012fmon\u0117mis ir \u0161vietimo \u012fstaigomis. CWEP misija \u2013 gerinti vis\u0173 lygi\u0173 ir vis\u0173 form\u0173 mokymo kokyb\u0119, taip pat skatinti verslum\u0105, siekiant skatinti bet kurios socialin\u0117s grup\u0117s integracij\u0105, nepaisant j\u0173 lyties, am\u017eiaus ar etnin\u0117s kilm\u0117s. Vis\u0173 pirma siekiama gerinti vis\u0173 \u017emoni\u0173 \u0161vietimo prieinamum\u0105, kokyb\u0119 ir efektyvum\u0105, skatinti suaugusi\u0173j\u0173 \u0161vietim\u0105, mokym\u0105si vis\u0105 gyvenim\u0105, e. mokym\u0105si ir nauj\u0173 technologij\u0173 naudojim\u0105 \u0161vietime bei verslumu ir prie j\u0173 prisid\u0117ti. Asociacija bendradarbiauja su daugeliu partneri\u0173 i\u0161 Europos, siekdama sustiprinti \u012fmoni\u0173 ekonomin\u0119 pad\u0117t\u012f bei teikia \u012fmon\u0117ms internetines platformas.<\/p>\n<p>Svetain\u0117: <a href=\"http:\/\/www.cwep.eu\">www.cwep.eu<\/a><\/p>\n<hr \/>\n<p style=\"text-align: center;\"><img decoding=\"async\" class=\"size-full wp-image-121 aligncenter\" src=\"https:\/\/envirovet.erasmus.site\/wp-content\/uploads\/2022\/08\/cuiblue.png\" alt=\"\" width=\"300\" height=\"300\" srcset=\"https:\/\/envirovet.erasmus.site\/wp-content\/uploads\/2022\/08\/cuiblue.png 300w, https:\/\/envirovet.erasmus.site\/wp-content\/uploads\/2022\/08\/cuiblue-150x150.png 150w\" sizes=\"(max-width: 300px) 100vw, 300px\" \/><strong>Cuiablue O\u00dc<\/strong><strong> \u2013 E<\/strong><strong>stonia<\/strong><\/p>\n<p>Cuiablue O\u00dc yra socialin\u0117 \u012fmon\u0117, kuri skatina teigiamus socialinius ir aplinkos poky\u010dius pasitelkdama k\u016brybi\u0161kus \u0161vietimo sprendimus, skirtus pritaikytam savaiminiam mokymuisi ir profesiniam mokymui. Cuiablue O\u00dc specializuojasi kuriant novatori\u0161kus \u012frankius, padedan\u010dius mokymosi jud\u0117jimams, dirbdami kartu su \u017emoni\u0173 grup\u0117mis, siekdami pl\u0117toti bendras aplinkos, socialines ar kult\u016brines id\u0117jas ir kartu tobulinti \u012fg\u016bd\u017eius bei \u017einias.<\/p>\n<hr \/>\n<p style=\"text-align: center;\"><img decoding=\"async\" class=\"alignnone wp-image-123 size-full\" src=\"https:\/\/envirovet.erasmus.site\/wp-content\/uploads\/2022\/08\/efe.png\" alt=\"\" width=\"300\" height=\"300\" srcset=\"https:\/\/envirovet.erasmus.site\/wp-content\/uploads\/2022\/08\/efe.png 300w, https:\/\/envirovet.erasmus.site\/wp-content\/uploads\/2022\/08\/efe-150x150.png 150w\" sizes=\"(max-width: 300px) 100vw, 300px\" \/><\/p>\n<p style=\"text-align: center;\"><strong>Ekologinis ateities \u0161vietimas (EFE) &#8211; Latvija <\/strong><\/p>\n<p>Ekologinis ateities \u0161vietimas (toliau \u2013 EFE) yra ne pelno siekianti privati organizacija, kuri buvo sukurta siekiant skatinti tvaraus vystymosi m\u0105stym\u0105 kasdieniame gyvenime.<\/p>\n<p>EFE siekia pad\u0117ti pristatyti nauj\u0105 mokymosi ir m\u0105stymo metod\u0105, kuris skatint\u0173 aplinkosaugin\u012f s\u0105moningum\u0105 kaip \u012fdom\u0173 nuotyk\u012f, kuriame dalyvauja visi, taip paver\u010diant pasaul\u012f geresne vieta.<\/p>\n<p>Be to, EFE dirba su atsakingais pilie\u010diais, didindama informuotum\u0105 apie aplinkosaugos problemas ir j\u0173 poveik\u012f mums. Tikslas \u2013 informuoti jaunim\u0105 apie aplinkosaugos problemas, kasdieni\u0173 \u012fpro\u010di\u0173 suvokim\u0105, tobulinti jaun\u0173 \u017emoni\u0173 \u012fg\u016bd\u017eius ir kompetencijas, susijusius su \u017ealiuoju m\u0105stymu, bei kelti socialin\u0119 atsakomyb\u0119.<\/p>\n<p>EFE rengia mokymus pedagogams, instruktoriams ir jaunimo darbuotojams bei jaunimui. Pagrindinis d\u0117mesys skiriamas supaprastintam \u0161vietimo prieinamumui ir parama jaunimui bei j\u0173 \u0161eimoms u\u017etikrinant i\u0161silavinimo prieinamum\u0105.<\/p>\n<p>Svetain\u0117: <a href=\"http:\/\/www.efe.lv\/eng\">www.efe.lv\/eng<\/a><\/p>\n<hr \/>\n<p style=\"text-align: center;\"><img loading=\"lazy\" decoding=\"async\" class=\"alignnone wp-image-126 size-full\" src=\"https:\/\/envirovet.erasmus.site\/wp-content\/uploads\/2022\/08\/fyg.png\" alt=\"\" width=\"300\" height=\"300\" srcset=\"https:\/\/envirovet.erasmus.site\/wp-content\/uploads\/2022\/08\/fyg.png 300w, https:\/\/envirovet.erasmus.site\/wp-content\/uploads\/2022\/08\/fyg-150x150.png 150w\" sizes=\"(max-width: 300px) 100vw, 300px\" \/><\/p>\n<p style=\"text-align: center;\"><strong>FYG<\/strong><\/p>\n<p>Instalofi Levante S.L. (FyG Consultores) yra privati, auk\u0161to lygio mokymo \u012fmon\u0117, kuri kartu su \u012fmon\u0117mis, suaugusiaisiais ir jaunimu veda mokymus apie novatori\u0161kas koncepcijas, verslo k\u016brim\u0105, pagrindinius \u012fsidarbinimo \u012fg\u016bd\u017eius, ra\u0161tingumo ir skai\u010diavimo \u012fg\u016bd\u017eius, verslum\u0105 ir \u012fg\u016bd\u017ei\u0173 lavinim\u0105.<\/p>\n<p>FyG aktyviai veikia kaip \u0161vietimo ir mokymo \u012fmon\u0117, skatinanti ir suaugusi\u0173j\u0173 tobul\u0117jim\u0105, ie\u0161kanti nauj\u0173 galimybi\u0173 ir padedanti jiems tapti labiau \u012fsidarbinantiems, susiduriantiems su \u012fvairiais atskirties veiksniais: jaunuoliai ir suaugusieji, turintys mokymosi sunkum\u0173, bedarbiai, turintys ekonomini\u0173 ar socialini\u0173 kli\u016b\u010di\u0173.<\/p>\n<p>FyG turi patirties rengiant \u012fvairius mokymo kursus ir mentoryst\u0117s programas \u012fmon\u0117ms, verslininkams, pradedantiesiems, taip pat su asmenimis i\u0161 nepalanki\u0173 grupi\u0173. Ji veikia kaip institucija, teikianti profesin\u012f orientavim\u0105, profesin\u012f konsultavim\u0105 ir informacij\u0105, darbo \u012ftraukimo ir tarpininkavimo darbo rinkoje paslaugas bedarbiams: orientavimo, mokymo, vertinimo ir informavimo paslaugas.<\/p>\n<p>Pastaraisiais metais FyG pareng\u0117 ir \u012fgyvendino daugyb\u0119 Europos tarptautinio bendradarbiavimo projekt\u0173 su Erasmus+ ir COSME programomis, susijusiais su \u012fmoni\u0173 k\u016brimu ir pl\u0117tra, \u012fsidarbinimo galimyb\u0117mis, valdymu, startuoli\u0173 mokymais, internacionalizavimu, \u017eaidybinimu ir verslumo mokymu.<\/p>\n<p>Svetain\u0117: <a href=\"http:\/\/www.fygconsultores.com\/\">fygconsultores.com<\/a><\/p>\n<hr \/>\n<p style=\"text-align: center;\"><img loading=\"lazy\" decoding=\"async\" class=\"alignnone wp-image-127 size-full\" src=\"https:\/\/envirovet.erasmus.site\/wp-content\/uploads\/2022\/08\/hkik.png\" alt=\"\" width=\"300\" height=\"300\" srcset=\"https:\/\/envirovet.erasmus.site\/wp-content\/uploads\/2022\/08\/hkik.png 300w, https:\/\/envirovet.erasmus.site\/wp-content\/uploads\/2022\/08\/hkik-150x150.png 150w\" sizes=\"(max-width: 300px) 100vw, 300px\" \/><\/p>\n<p style=\"text-align: center;\"><strong>HKIK<\/strong><\/p>\n<p>Heves apskrities prekybos ir pramon\u0117s r\u016bmai (HKIK) buvo \u012fsteigti 1995 m. sausio 1 d., pri\u0117mus R\u016bm\u0173 \u012fstatym\u0105. Pagrindinis jos u\u017edavinys \u2013 skatinti \u016bkio pl\u0117tr\u0105 ir organizavim\u0105, verslo sandori\u0173 saugum\u0105, rinkos elgsenos s\u0105\u017einingum\u0105 ir bendrus, bendrus \u016bkio subjekt\u0173 interesus. R\u016bmai savo forma yra vie\u0161oji \u012fstaiga, o j\u0173 veikla grind\u017eiama savivaldos principu. R\u016bmai \u012fmon\u0117ms nemokamai teikia \u012fvairias \u016bkines paslaugas. HKIK valdo nepriklausom\u0105 projekt\u0173 biur\u0105, turint\u012f ilgamet\u0119 konkurs\u0173 organizavimo patirt\u012f, \u012fskaitant s\u0117kming\u0105 keli\u0173 LLP LdV ir Erasmus+ konkurs\u0173 u\u017ebaigim\u0105. Nuo 2004 met\u0173 s\u0117kmingai dalyvaujame konkursuose, kuriems suk\u016br\u0117me atitinkam\u0105 strategij\u0105.<\/p>\n<p>R\u016bm\u0173 profesinio mokymo u\u017eduotys kasmet ple\u010diamos ir dabar apima nuo profesinio orientavimo ir profesinio mokymo iki dualinio auk\u0161tojo mokslo. R\u016bm\u0173 u\u017edaviniai: profesinio mokymo organizavimas, b\u016bsim\u0173 pameistryst\u0117s sutar\u010di\u0173 tikrinimas ir registravimas, egzamin\u0173 delegavimas, konkurso \u201ePuikus amato mokinys\u201c organizavimas, mokini\u0173 pareigybi\u0173 akreditavimas ir kontrol\u0117, Apskrities apskritojo stalo darbo rinkos koordinavimo ir sektorinio darbo organizavimas ir koordinavimas. darbo grup\u0117s, taip pat mokymo instruktori\u0173 kursai ir amatinink\u0173 mokymai.<\/p>\n<p>Profesinio mokymo srityje dirbantys kolegos palaiko \u00a0nuolatin\u012f ry\u0161\u012f tiek su mokyklos, tiek su \u012fmon\u0117s specialistais. Profesini\u0173 mokykl\u0173, verslo organizacij\u0173 ir r\u016bm\u0173 bendras tikslas \u2013 suburti auk\u0161tos kvalifikacijos specialist\u0173 komand\u0105 ir sukurti tinkam\u0105 bendrojo ir profesinio i\u0161silavinimo balans\u0105, \u012fgyjant \u0161iuolaiki\u0161kas ir naujausias \u017einias.<\/p>\n<hr \/>\n<p style=\"text-align: center;\"><img loading=\"lazy\" decoding=\"async\" class=\"alignnone wp-image-128 size-full\" src=\"https:\/\/envirovet.erasmus.site\/wp-content\/uploads\/2022\/08\/mindshift.png\" alt=\"\" width=\"300\" height=\"300\" srcset=\"https:\/\/envirovet.erasmus.site\/wp-content\/uploads\/2022\/08\/mindshift.png 300w, https:\/\/envirovet.erasmus.site\/wp-content\/uploads\/2022\/08\/mindshift-150x150.png 150w\" sizes=\"(max-width: 300px) 100vw, 300px\" \/><\/p>\n<p style=\"text-align: center;\"><strong>Mindshift<\/strong><\/p>\n<p>\u201eMindshift\u201c yra konsultacin\u0117 \u012fmon\u0117, besispecializuojanti \u017emogi\u0161k\u0173j\u0173 i\u0161tekli\u0173 srityje, investuojanti \u012f na\u0161um\u0105 ir \u017emoni\u0173 kompetencij\u0173 tobulinim\u0105, siekianti padidinti skaitmenin\u0119 ir tarpasmenin\u0119 brand\u0105 organizacijose ir visuomen\u0117je.<\/p>\n<p>Nacionaliniu lygmeniu MINDSHIFT yra vienas i\u0161 pagrindini\u0173 partneri\u0173 \u201eThe Key Talent Portugal\u201c, HR Tech Consulting, besispecializuojantis socialinio patrauklumo ir talent\u0173 vertinimo srityje, kuriantis platformas, tokias kaip \u201ePanorama\u201c ir \u201eAplyGo\u201c, kurios leid\u017eia optimizuoti, \u012fdiegti ir valdyti skaitmeninius, judrius ir patraukl\u016bs \u017emogi\u0161k\u0173j\u0173 i\u0161tekli\u0173 procesai, pagr\u012fsti duomen\u0173 analize.<\/p>\n<p>Europos lygmeniu esame strateginis partneris pl\u0117tojant tarptautinio bendradarbiavimo projektus, kuriais siekiama sukurti naujovi\u0161kus sprendimus jaunimo ir suaugusi\u0173j\u0173 mokymo srityje \u0161e\u0161iose pagrindin\u0117se srityse: kvalifikacijos k\u0117limas ir perkvalifikavimas, \u012ftrauktis ir galimyb\u0117 \u012fsidarbinti, tvarus vystymasis, moter\u0173 \u012fgalinimas, verslumas ir k\u016brybi\u0161kumas bei skaitmeniniai talentai.<\/p>\n<p>\u201eMindshift\u201c yra tvirtai \u012fsipareigojusi laikytis socialin\u0117s atsakomyb\u0117s princip\u0173 ir tvaraus vystymosi darbotvark\u0117s iki 2030 m., suburdama \u012fvairaus i\u0161silavinimo ir profesin\u0117s patirties turin\u010di\u0173 darbuotoj\u0173 komand\u0105.<\/p>\n<p>Svetain\u0117: <a href=\"https:\/\/www.mindshift.pt\/\">https:\/\/www.mindshift.pt\/<\/a><\/p>\n<p>Kontaktai: <a href=\"mailto:geral@mindshift.pt\">geral@mindshift.pt<\/a><\/p>\n<hr \/>\n<p style=\"text-align: center;\"><img loading=\"lazy\" decoding=\"async\" class=\"alignnone wp-image-129 size-full\" src=\"https:\/\/envirovet.erasmus.site\/wp-content\/uploads\/2022\/08\/spp.png\" alt=\"\" width=\"300\" height=\"300\" srcset=\"https:\/\/envirovet.erasmus.site\/wp-content\/uploads\/2022\/08\/spp.png 300w, https:\/\/envirovet.erasmus.site\/wp-content\/uploads\/2022\/08\/spp-150x150.png 150w\" sizes=\"(max-width: 300px) 100vw, 300px\" \/><\/p>\n<p style=\"text-align: center;\"><strong>\u00a0<\/strong><\/p>\n<p>Ne pelno siekianti organizacija \u201eSocialin\u0117s paramos projektai\u201c \u2013 tai unikalus socialinis modelis Vilniuje, Lietuvoje, startav\u0119s 2004 metais. Salot\u0173 baras \u201eMano Guru\u201c \u2013 tai vieta, kurioje vyksta dideli poky\u010diai \u017emoni\u0173 gyvenime. Vykdydami socialin\u0117s reintegracijos program\u0105 socialiai atskirti asmenys (ypa\u010d buv\u0119 narkomanai, alkoholikai ir buv\u0119 kaliniai) \u012fgyja praktin\u012f mokym\u0105 tapti padav\u0117ju, barmenu ar vir\u0117ju. Taip pat jie lavina socialinius \u012fg\u016bd\u017eius, gauna psicholog\u0173 ir socialini\u0173 darbuotoj\u0173 konsultacijas. Per 18 met\u0173 kokybi\u0161kos paslaugos buvo suteiktos daugiau nei 450 tikslini\u0173 grupi\u0173 dalyvi\u0173, i\u0161 kuri\u0173 apie 80% s\u0117kmingai reintegravosi \u012f visuomen\u0119. Salot\u0173 bare taip pat \u012fgyvendinama tvari praktika.<\/p>","protected":false},"excerpt":{"rendered":"<p>\u0160vietimo ir verslumo paramos centras\u00a0 (CWEP) Lenkija \u0160vietimo ir verslumo paramos centras (CWEP) yra nevyriausybin\u0117 organizacija, kuri\u0105 2004 m. \u012fk\u016br\u0117 grup\u0117 verslinink\u0173, mokytoj\u0173 ir socialini\u0173 aktyvist\u0173 i\u0161 \u017de\u0161uvo (Lenkija). CWEP bendradarbiauja su verslo \u012fmon\u0117mis ir \u0161vietimo \u012fstaigomis. CWEP misija \u2013 gerinti vis\u0173 lygi\u0173 ir vis\u0173 form\u0173 mokymo kokyb\u0119, taip pat skatinti verslum\u0105, siekiant skatinti bet&hellip;&nbsp;<a href=\"https:\/\/envirovet.erasmus.site\/lt\/partners\/\" rel=\"bookmark\">Read More &raquo;<span class=\"screen-reader-text\">Partneriai<\/span><\/a><\/p>\n","protected":false},"author":1,"featured_media":0,"parent":0,"menu_order":0,"comment_status":"closed","ping_status":"closed","template":"","meta":{"neve_meta_sidebar":"","neve_meta_container":"","neve_meta_enable_content_width":"off","neve_meta_content_width":100,"neve_meta_title_alignment":"","neve_meta_author_avatar":"","neve_post_elements_order":"","neve_meta_disable_header":"","neve_meta_disable_footer":"","neve_meta_disable_title":"","footnotes":""},"class_list":["post-119","page","type-page","status-publish","hentry"],"_links":{"self":[{"href":"https:\/\/envirovet.erasmus.site\/lt\/wp-json\/wp\/v2\/pages\/119","targetHints":{"allow":["GET"]}}],"collection":[{"href":"https:\/\/envirovet.erasmus.site\/lt\/wp-json\/wp\/v2\/pages"}],"about":[{"href":"https:\/\/envirovet.erasmus.site\/lt\/wp-json\/wp\/v2\/types\/page"}],"author":[{"embeddable":true,"href":"https:\/\/envirovet.erasmus.site\/lt\/wp-json\/wp\/v2\/users\/1"}],"replies":[{"embeddable":true,"href":"https:\/\/envirovet.erasmus.site\/lt\/wp-json\/wp\/v2\/comments?post=119"}],"version-history":[{"count":16,"href":"https:\/\/envirovet.erasmus.site\/lt\/wp-json\/wp\/v2\/pages\/119\/revisions"}],"predecessor-version":[{"id":476,"href":"https:\/\/envirovet.erasmus.site\/lt\/wp-json\/wp\/v2\/pages\/119\/revisions\/476"}],"wp:attachment":[{"href":"https:\/\/envirovet.erasmus.site\/lt\/wp-json\/wp\/v2\/media?parent=119"}],"curies":[{"name":"wp","href":"https:\/\/api.w.org\/{rel}","templated":true}]}}