{"id":61,"date":"2022-08-26T10:32:50","date_gmt":"2022-08-26T10:32:50","guid":{"rendered":"https:\/\/envirovet.erasmus.site\/?page_id=61"},"modified":"2024-01-30T19:49:09","modified_gmt":"2024-01-30T19:49:09","slug":"home","status":"publish","type":"page","link":"https:\/\/envirovet.erasmus.site\/hu\/","title":{"rendered":"Kezd\u0151lap"},"content":{"rendered":"\t\t<div data-elementor-type=\"wp-page\" data-elementor-id=\"61\" class=\"elementor elementor-61\">\n\t\t\t\t\t\t<section class=\"elementor-section elementor-top-section elementor-element elementor-element-fc18f1f elementor-section-height-min-height elementor-section-boxed elementor-section-height-default elementor-section-items-middle\" data-id=\"fc18f1f\" data-element_type=\"section\" data-e-type=\"section\" data-settings=\"{&quot;background_background&quot;:&quot;classic&quot;}\">\n\t\t\t\t\t\t<div class=\"elementor-container elementor-column-gap-default\">\n\t\t\t\t\t<div class=\"elementor-column elementor-col-50 elementor-top-column elementor-element elementor-element-942de2e\" data-id=\"942de2e\" data-element_type=\"column\" data-e-type=\"column\">\n\t\t\t<div class=\"elementor-widget-wrap elementor-element-populated\">\n\t\t\t\t\t\t<div class=\"elementor-element elementor-element-7eab5a4 elementor-widget elementor-widget-heading\" data-id=\"7eab5a4\" data-element_type=\"widget\" data-e-type=\"widget\" data-widget_type=\"heading.default\">\n\t\t\t\t<div class=\"elementor-widget-container\">\n\t\t\t\t\t<h2 class=\"elementor-heading-title elementor-size-default\">EnviroVET<\/h2>\t\t\t\t<\/div>\n\t\t\t\t<\/div>\n\t\t\t\t<div class=\"elementor-element elementor-element-a9275ea elementor-widget elementor-widget-heading\" data-id=\"a9275ea\" data-element_type=\"widget\" data-e-type=\"widget\" data-widget_type=\"heading.default\">\n\t\t\t\t<div class=\"elementor-widget-container\">\n\t\t\t\t\t<h2 class=\"elementor-heading-title elementor-size-large\">Promoting and Tracking Environmental Sustainability in\nVET\n<\/h2>\t\t\t\t<\/div>\n\t\t\t\t<\/div>\n\t\t\t\t\t<\/div>\n\t\t<\/div>\n\t\t\t\t<div class=\"elementor-column elementor-col-50 elementor-top-column elementor-element elementor-element-7c7a09f\" data-id=\"7c7a09f\" data-element_type=\"column\" data-e-type=\"column\">\n\t\t\t<div class=\"elementor-widget-wrap elementor-element-populated\">\n\t\t\t\t\t\t<div class=\"elementor-element elementor-element-f3f68d2 elementor-widget elementor-widget-text-editor\" data-id=\"f3f68d2\" data-element_type=\"widget\" data-e-type=\"widget\" data-widget_type=\"text-editor.default\">\n\t\t\t\t<div class=\"elementor-widget-container\">\n\t\t\t\t\t\t\t\t\t<p>Project number: 2021-1-PL01-KA220-VET-000028039<br \/>Project Duration: 01.01.2022 &#8211; 01.01.2024<\/p>\t\t\t\t\t\t\t\t<\/div>\n\t\t\t\t<\/div>\n\t\t\t\t\t<\/div>\n\t\t<\/div>\n\t\t\t\t\t<\/div>\n\t\t<\/section>\n\t\t\t\t<section class=\"elementor-section elementor-top-section elementor-element elementor-element-36ee1e0 elementor-section-height-min-height elementor-section-boxed elementor-section-height-default elementor-section-items-middle\" data-id=\"36ee1e0\" data-element_type=\"section\" data-e-type=\"section\">\n\t\t\t\t\t\t<div class=\"elementor-container elementor-column-gap-default\">\n\t\t\t\t\t<div class=\"elementor-column elementor-col-50 elementor-top-column elementor-element elementor-element-e5c8cdc\" data-id=\"e5c8cdc\" data-element_type=\"column\" data-e-type=\"column\">\n\t\t\t<div class=\"elementor-widget-wrap elementor-element-populated\">\n\t\t\t\t\t\t<div class=\"elementor-element elementor-element-7e78b7e elementor-widget elementor-widget-menu-anchor\" data-id=\"7e78b7e\" data-element_type=\"widget\" data-e-type=\"widget\" data-widget_type=\"menu-anchor.default\">\n\t\t\t\t<div class=\"elementor-widget-container\">\n\t\t\t\t\t\t\t<div class=\"elementor-menu-anchor\" id=\"about\"><\/div>\n\t\t\t\t\t\t<\/div>\n\t\t\t\t<\/div>\n\t\t\t\t<div class=\"elementor-element elementor-element-d0c2826 elementor-widget elementor-widget-heading\" data-id=\"d0c2826\" data-element_type=\"widget\" data-e-type=\"widget\" data-widget_type=\"heading.default\">\n\t\t\t\t<div class=\"elementor-widget-container\">\n\t\t\t\t\t<h2 class=\"elementor-heading-title elementor-size-large\">About the project<\/h2>\t\t\t\t<\/div>\n\t\t\t\t<\/div>\n\t\t\t\t<div class=\"elementor-element elementor-element-4852a22 elementor-widget elementor-widget-text-editor\" data-id=\"4852a22\" data-element_type=\"widget\" data-e-type=\"widget\" data-widget_type=\"text-editor.default\">\n\t\t\t\t<div class=\"elementor-widget-container\">\n\t\t\t\t\t\t\t\t\t<p>The EnviroVET project supported the professional development of vocational education and training practitioners by increasing their environmental awareness through a series of innovative project results, including an interactive tool designed to measure environmental impact across key areas within the vocational education and training sector.<\/p><p>The project also engaged with European learners within vocational education and training centres, vocational training policy makers and work-based learning providers.<\/p><p>EnviroVET consortium engaged stakeholders with the purpose of generating a positive impact on vocational education and training staff and organisations to become agents of environmental change.<\/p><p>The project objectives were to:<\/p><ol><li>Improve the recognition of green skills among vocational education and training practitioners<\/li><li>Increase transferable green skills among vocational education learners.<\/li><li>Implement European best practices in environmental sustainability among vocational education and training organisations<\/li><\/ol><p>4. Establish an active, focused network of vocational education and training staff and organisations to exchange environmental sustainability materials and resources.<\/p><p><\/p><p><\/p><p><\/p><p><\/p>\t\t\t\t\t\t\t\t<\/div>\n\t\t\t\t<\/div>\n\t\t\t\t\t<\/div>\n\t\t<\/div>\n\t\t\t\t<div class=\"elementor-column elementor-col-50 elementor-top-column elementor-element elementor-element-645595a\" data-id=\"645595a\" data-element_type=\"column\" data-e-type=\"column\">\n\t\t\t<div class=\"elementor-widget-wrap elementor-element-populated\">\n\t\t\t\t\t\t<div class=\"elementor-element elementor-element-4d769cf elementor-widget elementor-widget-image\" data-id=\"4d769cf\" data-element_type=\"widget\" data-e-type=\"widget\" data-widget_type=\"image.default\">\n\t\t\t\t<div class=\"elementor-widget-container\">\n\t\t\t\t\t\t\t\t\t\t\t\t\t\t\t<img fetchpriority=\"high\" decoding=\"async\" width=\"1024\" height=\"684\" src=\"https:\/\/envirovet.erasmus.site\/wp-content\/uploads\/2022\/08\/student-studying-using-laptop-computer-online-education-beautiful-woman-freelancer-writes-notes-planning-working-project-working-from-home-1024x684.jpg\" class=\"attachment-large size-large wp-image-89\" alt=\"\" srcset=\"https:\/\/envirovet.erasmus.site\/wp-content\/uploads\/2022\/08\/student-studying-using-laptop-computer-online-education-beautiful-woman-freelancer-writes-notes-planning-working-project-working-from-home-1024x684.jpg 1024w, https:\/\/envirovet.erasmus.site\/wp-content\/uploads\/2022\/08\/student-studying-using-laptop-computer-online-education-beautiful-woman-freelancer-writes-notes-planning-working-project-working-from-home-300x200.jpg 300w, https:\/\/envirovet.erasmus.site\/wp-content\/uploads\/2022\/08\/student-studying-using-laptop-computer-online-education-beautiful-woman-freelancer-writes-notes-planning-working-project-working-from-home-768x513.jpg 768w, https:\/\/envirovet.erasmus.site\/wp-content\/uploads\/2022\/08\/student-studying-using-laptop-computer-online-education-beautiful-woman-freelancer-writes-notes-planning-working-project-working-from-home-1536x1025.jpg 1536w, https:\/\/envirovet.erasmus.site\/wp-content\/uploads\/2022\/08\/student-studying-using-laptop-computer-online-education-beautiful-woman-freelancer-writes-notes-planning-working-project-working-from-home-930x620.jpg 930w, https:\/\/envirovet.erasmus.site\/wp-content\/uploads\/2022\/08\/student-studying-using-laptop-computer-online-education-beautiful-woman-freelancer-writes-notes-planning-working-project-working-from-home.jpg 2000w\" sizes=\"(max-width: 1024px) 100vw, 1024px\" \/>\t\t\t\t\t\t\t\t\t\t\t\t\t\t\t<\/div>\n\t\t\t\t<\/div>\n\t\t\t\t\t<\/div>\n\t\t<\/div>\n\t\t\t\t\t<\/div>\n\t\t<\/section>\n\t\t\t\t<section class=\"elementor-section elementor-top-section elementor-element elementor-element-3511330 elementor-section-boxed elementor-section-height-default elementor-section-height-default\" data-id=\"3511330\" data-element_type=\"section\" data-e-type=\"section\">\n\t\t\t\t\t\t<div class=\"elementor-container elementor-column-gap-default\">\n\t\t\t\t\t<div class=\"elementor-column elementor-col-100 elementor-top-column elementor-element elementor-element-ada8c71\" data-id=\"ada8c71\" data-element_type=\"column\" data-e-type=\"column\">\n\t\t\t<div class=\"elementor-widget-wrap elementor-element-populated\">\n\t\t\t\t\t\t<div class=\"elementor-element elementor-element-dd550fd elementor-widget elementor-widget-menu-anchor\" data-id=\"dd550fd\" data-element_type=\"widget\" data-e-type=\"widget\" data-widget_type=\"menu-anchor.default\">\n\t\t\t\t<div class=\"elementor-widget-container\">\n\t\t\t\t\t\t\t<div class=\"elementor-menu-anchor\" id=\"results\"><\/div>\n\t\t\t\t\t\t<\/div>\n\t\t\t\t<\/div>\n\t\t\t\t<div class=\"elementor-element elementor-element-f325eaa elementor-widget elementor-widget-heading\" data-id=\"f325eaa\" data-element_type=\"widget\" data-e-type=\"widget\" data-widget_type=\"heading.default\">\n\t\t\t\t<div class=\"elementor-widget-container\">\n\t\t\t\t\t<h2 class=\"elementor-heading-title elementor-size-large\">Project Results<\/h2>\t\t\t\t<\/div>\n\t\t\t\t<\/div>\n\t\t\t\t\t<\/div>\n\t\t<\/div>\n\t\t\t\t\t<\/div>\n\t\t<\/section>\n\t\t\t\t<section class=\"elementor-section elementor-top-section elementor-element elementor-element-5acd940 elementor-section-height-min-height elementor-section-boxed elementor-section-height-default elementor-section-items-middle\" data-id=\"5acd940\" data-element_type=\"section\" data-e-type=\"section\">\n\t\t\t\t\t\t<div class=\"elementor-container elementor-column-gap-default\">\n\t\t\t\t\t<div class=\"elementor-column elementor-col-50 elementor-top-column elementor-element elementor-element-3a077dd\" data-id=\"3a077dd\" data-element_type=\"column\" data-e-type=\"column\">\n\t\t\t<div class=\"elementor-widget-wrap elementor-element-populated\">\n\t\t\t\t\t\t<div class=\"elementor-element elementor-element-73bfc1d elementor-widget elementor-widget-image\" data-id=\"73bfc1d\" data-element_type=\"widget\" data-e-type=\"widget\" data-widget_type=\"image.default\">\n\t\t\t\t<div class=\"elementor-widget-container\">\n\t\t\t\t\t\t\t\t\t\t\t\t\t\t\t<img decoding=\"async\" width=\"1024\" height=\"682\" src=\"https:\/\/envirovet.erasmus.site\/wp-content\/uploads\/2022\/08\/close-up-portrait-of-pretty-female-manager-from-sales-department-indoor-photo-of-smiling-woman-working-in-office-with-discussing-people-1024x682.jpg\" class=\"attachment-large size-large wp-image-96\" alt=\"\" srcset=\"https:\/\/envirovet.erasmus.site\/wp-content\/uploads\/2022\/08\/close-up-portrait-of-pretty-female-manager-from-sales-department-indoor-photo-of-smiling-woman-working-in-office-with-discussing-people-1024x682.jpg 1024w, https:\/\/envirovet.erasmus.site\/wp-content\/uploads\/2022\/08\/close-up-portrait-of-pretty-female-manager-from-sales-department-indoor-photo-of-smiling-woman-working-in-office-with-discussing-people-300x200.jpg 300w, https:\/\/envirovet.erasmus.site\/wp-content\/uploads\/2022\/08\/close-up-portrait-of-pretty-female-manager-from-sales-department-indoor-photo-of-smiling-woman-working-in-office-with-discussing-people-768x512.jpg 768w, https:\/\/envirovet.erasmus.site\/wp-content\/uploads\/2022\/08\/close-up-portrait-of-pretty-female-manager-from-sales-department-indoor-photo-of-smiling-woman-working-in-office-with-discussing-people-1536x1024.jpg 1536w, https:\/\/envirovet.erasmus.site\/wp-content\/uploads\/2022\/08\/close-up-portrait-of-pretty-female-manager-from-sales-department-indoor-photo-of-smiling-woman-working-in-office-with-discussing-people-930x620.jpg 930w, https:\/\/envirovet.erasmus.site\/wp-content\/uploads\/2022\/08\/close-up-portrait-of-pretty-female-manager-from-sales-department-indoor-photo-of-smiling-woman-working-in-office-with-discussing-people.jpg 2000w\" sizes=\"(max-width: 1024px) 100vw, 1024px\" \/>\t\t\t\t\t\t\t\t\t\t\t\t\t\t\t<\/div>\n\t\t\t\t<\/div>\n\t\t\t\t\t<\/div>\n\t\t<\/div>\n\t\t\t\t<div class=\"elementor-column elementor-col-50 elementor-top-column elementor-element elementor-element-b7c6bcb\" data-id=\"b7c6bcb\" data-element_type=\"column\" data-e-type=\"column\">\n\t\t\t<div class=\"elementor-widget-wrap elementor-element-populated\">\n\t\t\t\t\t\t<div class=\"elementor-element elementor-element-653f72d elementor-widget elementor-widget-toggle\" data-id=\"653f72d\" data-element_type=\"widget\" data-e-type=\"widget\" data-widget_type=\"toggle.default\">\n\t\t\t\t<div class=\"elementor-widget-container\">\n\t\t\t\t\t\t\t<div class=\"elementor-toggle\">\n\t\t\t\t\t\t\t<div class=\"elementor-toggle-item\">\n\t\t\t\t\t<div id=\"elementor-tab-title-1061\" class=\"elementor-tab-title\" data-tab=\"1\" role=\"button\" aria-controls=\"elementor-tab-content-1061\" aria-expanded=\"false\">\n\t\t\t\t\t\t\t\t\t\t\t\t<span class=\"elementor-toggle-icon elementor-toggle-icon-left\" aria-hidden=\"true\">\n\t\t\t\t\t\t\t\t\t\t\t\t\t\t\t<span class=\"elementor-toggle-icon-closed\"><i class=\"fas fa-caret-square-down\"><\/i><\/span>\n\t\t\t\t\t\t\t\t<span class=\"elementor-toggle-icon-opened\"><i class=\"elementor-toggle-icon-opened fas fa-caret-up\"><\/i><\/span>\n\t\t\t\t\t\t\t\t\t\t\t\t\t<\/span>\n\t\t\t\t\t\t\t\t\t\t\t\t<a class=\"elementor-toggle-title\" tabindex=\"0\">EnviroVET Best Practice Toolkit<\/a>\n\t\t\t\t\t<\/div>\n\n\t\t\t\t\t<div id=\"elementor-tab-content-1061\" class=\"elementor-tab-content elementor-clearfix\" data-tab=\"1\" role=\"region\" aria-labelledby=\"elementor-tab-title-1061\">a compilation of best practices, case studies and success stories that can be found in existing vocational education and training sector on the institutional level.\n<p style=\"text-align: center;\"><strong><a href=\"https:\/\/envirovet.erasmus.site\/tool\/toolkit\" target=\"_blank\" rel=\"noopener\"><span style=\"text-decoration: underline;\"><strong>OPEN<\/strong><\/span><\/a><\/strong><\/p><\/div>\n\t\t\t\t<\/div>\n\t\t\t\t\t\t\t<div class=\"elementor-toggle-item\">\n\t\t\t\t\t<div id=\"elementor-tab-title-1062\" class=\"elementor-tab-title\" data-tab=\"2\" role=\"button\" aria-controls=\"elementor-tab-content-1062\" aria-expanded=\"false\">\n\t\t\t\t\t\t\t\t\t\t\t\t<span class=\"elementor-toggle-icon elementor-toggle-icon-left\" aria-hidden=\"true\">\n\t\t\t\t\t\t\t\t\t\t\t\t\t\t\t<span class=\"elementor-toggle-icon-closed\"><i class=\"fas fa-caret-square-down\"><\/i><\/span>\n\t\t\t\t\t\t\t\t<span class=\"elementor-toggle-icon-opened\"><i class=\"elementor-toggle-icon-opened fas fa-caret-up\"><\/i><\/span>\n\t\t\t\t\t\t\t\t\t\t\t\t\t<\/span>\n\t\t\t\t\t\t\t\t\t\t\t\t<a class=\"elementor-toggle-title\" tabindex=\"0\">EnviroVET Environmental Charter<\/a>\n\t\t\t\t\t<\/div>\n\n\t\t\t\t\t<div id=\"elementor-tab-content-1062\" class=\"elementor-tab-content elementor-clearfix\" data-tab=\"2\" role=\"region\" aria-labelledby=\"elementor-tab-title-1062\">will set out the minimum requirements that vocational education and training institutions need to meet to consider themselves to be environmentally focused.\n<p style=\"text-align: center;\"><strong><a href=\"https:\/\/envirovet.erasmus.site\/tool\/charter\" target=\"_blank\" rel=\"noopener\"><span style=\"text-decoration: underline;\">OPEN<\/span><\/a><\/strong><\/p><\/div>\n\t\t\t\t<\/div>\n\t\t\t\t\t\t\t<div class=\"elementor-toggle-item\">\n\t\t\t\t\t<div id=\"elementor-tab-title-1063\" class=\"elementor-tab-title\" data-tab=\"3\" role=\"button\" aria-controls=\"elementor-tab-content-1063\" aria-expanded=\"false\">\n\t\t\t\t\t\t\t\t\t\t\t\t<span class=\"elementor-toggle-icon elementor-toggle-icon-left\" aria-hidden=\"true\">\n\t\t\t\t\t\t\t\t\t\t\t\t\t\t\t<span class=\"elementor-toggle-icon-closed\"><i class=\"fas fa-caret-square-down\"><\/i><\/span>\n\t\t\t\t\t\t\t\t<span class=\"elementor-toggle-icon-opened\"><i class=\"elementor-toggle-icon-opened fas fa-caret-up\"><\/i><\/span>\n\t\t\t\t\t\t\t\t\t\t\t\t\t<\/span>\n\t\t\t\t\t\t\t\t\t\t\t\t<a class=\"elementor-toggle-title\" tabindex=\"0\">EnviroVET Environmental Impact Measurement Tool<\/a>\n\t\t\t\t\t<\/div>\n\n\t\t\t\t\t<div id=\"elementor-tab-content-1063\" class=\"elementor-tab-content elementor-clearfix\" data-tab=\"3\" role=\"region\" aria-labelledby=\"elementor-tab-title-1063\">an online, open, digital evaluation method and tool that allows users to share, compare and exchange best practices on environmentally friendly approaches.\n<p style=\"text-align: center;\"><strong><a href=\"https:\/\/envirovet.erasmus.site\/tool\/tool\" target=\"_blank\" rel=\"noopener\"><span style=\"text-decoration: underline;\">OPEN<\/span><\/a><\/strong><\/p><\/div>\n\t\t\t\t<\/div>\n\t\t\t\t\t\t\t<div class=\"elementor-toggle-item\">\n\t\t\t\t\t<div id=\"elementor-tab-title-1064\" class=\"elementor-tab-title\" data-tab=\"4\" role=\"button\" aria-controls=\"elementor-tab-content-1064\" aria-expanded=\"false\">\n\t\t\t\t\t\t\t\t\t\t\t\t<span class=\"elementor-toggle-icon elementor-toggle-icon-left\" aria-hidden=\"true\">\n\t\t\t\t\t\t\t\t\t\t\t\t\t\t\t<span class=\"elementor-toggle-icon-closed\"><i class=\"fas fa-caret-square-down\"><\/i><\/span>\n\t\t\t\t\t\t\t\t<span class=\"elementor-toggle-icon-opened\"><i class=\"elementor-toggle-icon-opened fas fa-caret-up\"><\/i><\/span>\n\t\t\t\t\t\t\t\t\t\t\t\t\t<\/span>\n\t\t\t\t\t\t\t\t\t\t\t\t<a class=\"elementor-toggle-title\" tabindex=\"0\">Facilitator e-Course<\/a>\n\t\t\t\t\t<\/div>\n\n\t\t\t\t\t<div id=\"elementor-tab-content-1064\" class=\"elementor-tab-content elementor-clearfix\" data-tab=\"4\" role=\"region\" aria-labelledby=\"elementor-tab-title-1064\">an open access 30 hour online course designed for vocational training professionals working in the vocational education and training sector.\n<p style=\"text-align: center;\"><strong><a href=\"https:\/\/envirovet.erasmus.site\/tool\/ecourse\" target=\"_blank\" rel=\"noopener\"><span style=\"text-decoration: underline;\"><strong>OPEN<\/strong><\/span><\/a><\/strong><\/p><\/div>\n\t\t\t\t<\/div>\n\t\t\t\t\t\t\t\t<\/div>\n\t\t\t\t\t\t<\/div>\n\t\t\t\t<\/div>\n\t\t\t\t\t<\/div>\n\t\t<\/div>\n\t\t\t\t\t<\/div>\n\t\t<\/section>\n\t\t\t\t<section class=\"elementor-section elementor-top-section elementor-element elementor-element-a5f6c3a elementor-section-boxed elementor-section-height-default elementor-section-height-default\" data-id=\"a5f6c3a\" data-element_type=\"section\" data-e-type=\"section\">\n\t\t\t\t\t\t<div class=\"elementor-container elementor-column-gap-default\">\n\t\t\t\t\t<div class=\"elementor-column elementor-col-100 elementor-top-column elementor-element elementor-element-33f68e2\" data-id=\"33f68e2\" data-element_type=\"column\" data-e-type=\"column\">\n\t\t\t<div class=\"elementor-widget-wrap elementor-element-populated\">\n\t\t\t\t\t\t<div class=\"elementor-element elementor-element-caadfaf elementor-widget elementor-widget-spacer\" data-id=\"caadfaf\" data-element_type=\"widget\" data-e-type=\"widget\" data-widget_type=\"spacer.default\">\n\t\t\t\t<div class=\"elementor-widget-container\">\n\t\t\t\t\t\t\t<div class=\"elementor-spacer\">\n\t\t\t<div class=\"elementor-spacer-inner\"><\/div>\n\t\t<\/div>\n\t\t\t\t\t\t<\/div>\n\t\t\t\t<\/div>\n\t\t\t\t\t<\/div>\n\t\t<\/div>\n\t\t\t\t\t<\/div>\n\t\t<\/section>\n\t\t\t\t<\/div>\n\t\t","protected":false},"excerpt":{"rendered":"<p>EnviroVET Promoting and Tracking Environmental Sustainability in VET Projekt azonos\u00edt\u00f3: 2021-1-PL01-KA220-VET-000028039Projekt id\u0151tartam: 2022.01.01 \u2013 2024.01.01. A projektr\u0151l Az EnviroVET projekt t\u00e1mogatja a szakk\u00e9pz\u00e9sben dolgoz\u00f3k szakmai fejl\u0151d\u00e9s\u00e9t az\u00e1ltal, hogy egy sor innovat\u00edv projekteredm\u00e9nyen kereszt\u00fcl n\u00f6veli k\u00f6rnyezettudatoss\u00e1gukat, bele\u00e9rtve egy interakt\u00edv eszk\u00f6zt, amelyet a szakk\u00e9pz\u00e9si \u00e1gazat kulcsfontoss\u00e1g\u00fa ter\u00fcleteinek k\u00f6rnyezeti hat\u00e1sm\u00e9r\u00e9s\u00e9re terveztek. A projekt a szakk\u00e9pz\u00e9si k\u00f6zpontokban dolgoz\u00f3 eur\u00f3pai&hellip;&nbsp;<a href=\"https:\/\/envirovet.erasmus.site\/hu\/\" rel=\"bookmark\">Read More &raquo;<span class=\"screen-reader-text\">Kezd\u0151lap<\/span><\/a><\/p>\n","protected":false},"author":1,"featured_media":0,"parent":0,"menu_order":0,"comment_status":"closed","ping_status":"closed","template":"page-templates\/template-pagebuilder-full-width.php","meta":{"neve_meta_sidebar":"","neve_meta_container":"","neve_meta_enable_content_width":"off","neve_meta_content_width":100,"neve_meta_title_alignment":"","neve_meta_author_avatar":"","neve_post_elements_order":"","neve_meta_disable_header":"","neve_meta_disable_footer":"","neve_meta_disable_title":"","footnotes":""},"class_list":["post-61","page","type-page","status-publish","hentry"],"_links":{"self":[{"href":"https:\/\/envirovet.erasmus.site\/hu\/wp-json\/wp\/v2\/pages\/61","targetHints":{"allow":["GET"]}}],"collection":[{"href":"https:\/\/envirovet.erasmus.site\/hu\/wp-json\/wp\/v2\/pages"}],"about":[{"href":"https:\/\/envirovet.erasmus.site\/hu\/wp-json\/wp\/v2\/types\/page"}],"author":[{"embeddable":true,"href":"https:\/\/envirovet.erasmus.site\/hu\/wp-json\/wp\/v2\/users\/1"}],"replies":[{"embeddable":true,"href":"https:\/\/envirovet.erasmus.site\/hu\/wp-json\/wp\/v2\/comments?post=61"}],"version-history":[{"count":171,"href":"https:\/\/envirovet.erasmus.site\/hu\/wp-json\/wp\/v2\/pages\/61\/revisions"}],"predecessor-version":[{"id":482,"href":"https:\/\/envirovet.erasmus.site\/hu\/wp-json\/wp\/v2\/pages\/61\/revisions\/482"}],"wp:attachment":[{"href":"https:\/\/envirovet.erasmus.site\/hu\/wp-json\/wp\/v2\/media?parent=61"}],"curies":[{"name":"wp","href":"https:\/\/api.w.org\/{rel}","templated":true}]}}