{"id":119,"date":"2022-08-26T13:05:50","date_gmt":"2022-08-26T13:05:50","guid":{"rendered":"https:\/\/envirovet.erasmus.site\/?page_id=119"},"modified":"2024-01-30T19:30:18","modified_gmt":"2024-01-30T19:30:18","slug":"partners","status":"publish","type":"page","link":"https:\/\/envirovet.erasmus.site\/et\/partners\/","title":{"rendered":"Partnerid"},"content":{"rendered":"<p><\/p>\n<p style=\"text-align: center;\"><img fetchpriority=\"high\" decoding=\"async\" class=\"alignnone wp-image-122 size-full\" src=\"https:\/\/envirovet.erasmus.site\/wp-content\/uploads\/2022\/08\/cwep.png\" alt=\"\" width=\"300\" height=\"300\" srcset=\"https:\/\/envirovet.erasmus.site\/wp-content\/uploads\/2022\/08\/cwep.png 300w, https:\/\/envirovet.erasmus.site\/wp-content\/uploads\/2022\/08\/cwep-150x150.png 150w\" sizes=\"(max-width: 300px) 100vw, 300px\" \/><\/p>\n<p style=\"text-align: center;\"><strong>Centrum Wspierania Edukacji i Przedsi\u0119biorczo\u015bci (CWEP) \u2013 Poola<\/strong><\/p>\n<p>Hariduse ja ettev\u00f5tluse toetamise keskus (CWEP) on valitsusv\u00e4line organisatsioon, mille asutas 2004. aastal r\u00fchm Rzesz\u00f3wi (Poola) ettev\u00f5tjaid, \u00f5petajaid ja sotsiaalseid aktiviste. CWEP teeb koost\u00f6\u00f6d ettev\u00f5tete ja haridusasutustega. CWEPi missiooniks on t\u00f5sta hariduskoolituse kvaliteeti k\u00f5ikidel tasanditel ja k\u00f5igis selle vormides ning edendada ettev\u00f5tlust, et soodustada mis tahes sotsiaalsete r\u00fchmade integreerimist, s\u00f5ltumata nende soost, vanusest v\u00f5i etnilisest p\u00e4ritolust. Eelk\u00f5ige on eesm\u00e4rk parandada k\u00f5igi inimeste hariduse k\u00e4ttesaadavust, kvaliteeti ja t\u00f5husust, edendada ja toetada t\u00e4iskasvanuharidust, elukestvat \u00f5pet, e-\u00f5pet ning uute tehnoloogiate kasutamist hariduses ja ettev\u00f5tluses. Assotsiatsioon teeb koost\u00f6\u00f6d paljude Euroopa partneritega, et tugevdada ettev\u00f5tete majanduslikku positsiooni, ning pakub ettev\u00f5tetele on-line-platvorme.<\/p>\n<p>Veebileht: <a href=\"http:\/\/www.cwep.eu\">www.cwep.eu<\/a><\/p>\n<hr \/>\n<p style=\"text-align: center;\"><img decoding=\"async\" class=\"size-full wp-image-121 aligncenter\" src=\"https:\/\/envirovet.erasmus.site\/wp-content\/uploads\/2022\/08\/cuiblue.png\" alt=\"\" width=\"300\" height=\"300\" srcset=\"https:\/\/envirovet.erasmus.site\/wp-content\/uploads\/2022\/08\/cuiblue.png 300w, https:\/\/envirovet.erasmus.site\/wp-content\/uploads\/2022\/08\/cuiblue-150x150.png 150w\" sizes=\"(max-width: 300px) 100vw, 300px\" \/><strong>Cuiablue O\u00dc<\/strong><strong> \u2013 E<\/strong><strong>stonia<\/strong><\/p>\n<p>Cuiablue O\u00dc on sotsiaalne ettev\u00f5te, mis edendab positiivseid sotsiaalseid ja keskkonnaalaseid muutusi loovate hariduslahenduste kaudu, mis on suunatud individuaalsele mitteformaalsele \u00f5ppele ja kutse\u00f5ppele. Cuiablue O\u00dc on spetsialiseerunud uuenduslike vahendite v\u00e4ljat\u00f6\u00f6tamisele, et toetada \u00f5ppimisliikumisi, t\u00f6\u00f6tades koos inimr\u00fchmadega, et edendada nende \u00fchiseid keskkonna-, sotsiaalseid v\u00f5i kultuurilisi ideid, arendades samal ajal nende oskusi ja teadmisi.<\/p>\n<hr \/>\n<p style=\"text-align: center;\"><img decoding=\"async\" class=\"alignnone wp-image-123 size-full\" src=\"https:\/\/envirovet.erasmus.site\/wp-content\/uploads\/2022\/08\/efe.png\" alt=\"\" width=\"300\" height=\"300\" srcset=\"https:\/\/envirovet.erasmus.site\/wp-content\/uploads\/2022\/08\/efe.png 300w, https:\/\/envirovet.erasmus.site\/wp-content\/uploads\/2022\/08\/efe-150x150.png 150w\" sizes=\"(max-width: 300px) 100vw, 300px\" \/><\/p>\n<p style=\"text-align: center;\"><strong>Ecological Future Education (EFE) \u2013 L\u00e4ti<\/strong><\/p>\n<p>\u00d6koloogiline Tulevikuharidus (edaspidi &#8211; EFE) on mittetulundus\u00fching, mis on loodud s\u00e4\u00e4stva arengu m\u00f5tteviisi edendamiseks igap\u00e4evaelus.<\/p>\n<p>EFE eesm\u00e4rk on aidata kasutusele v\u00f5tta uus \u00f5ppimis- ja m\u00f5tlemismeetod, mis edendaks keskkonnateadlikkust kui huvitavat seiklust, milles iga\u00fcks osaleb, muutes seel\u00e4bi maailma paremaks.<\/p>\n<p>Samuti teeb EFE koost\u00f6\u00f6d vastutustundlike kodanikega, suurendades teadlikkust keskkonnaprobleemidest ja sellest, kuidas need meid m\u00f5jutavad. Eesm\u00e4rk on teavitada noori keskkonnaprobleemidest, igap\u00e4evast harjumuste teadvustamist, parandada noorte oskusi ja p\u00e4devusi seoses rohelise m\u00f5tlemisega ning t\u00f5sta sotsiaalset vastutust.<\/p>\n<p>EFE pakub koolitust pedagoogidele, koolitajatele ja noorsoot\u00f6\u00f6tajatele ning noortele. Peamine eesm\u00e4rk on tagada lihtsustatud juurdep\u00e4\u00e4s haridusele ning toetada noori ja nende peresid, tagades hariduse k\u00e4ttesaadavuse.<\/p>\n<p>Veebileht: <a href=\"http:\/\/www.efe.lv\/eng\">www.efe.lv\/eng<\/a><\/p>\n<hr \/>\n<p style=\"text-align: center;\"><img loading=\"lazy\" decoding=\"async\" class=\"alignnone wp-image-126 size-full\" src=\"https:\/\/envirovet.erasmus.site\/wp-content\/uploads\/2022\/08\/fyg.png\" alt=\"\" width=\"300\" height=\"300\" srcset=\"https:\/\/envirovet.erasmus.site\/wp-content\/uploads\/2022\/08\/fyg.png 300w, https:\/\/envirovet.erasmus.site\/wp-content\/uploads\/2022\/08\/fyg-150x150.png 150w\" sizes=\"(max-width: 300px) 100vw, 300px\" \/><\/p>\n<p style=\"text-align: center;\"><strong>FYG<\/strong><\/p>\n<p>Instalofi Levante S.L. (FyG Consultores) on era\u00f5iguslik k\u00f5rgetasemeline koolitusettev\u00f5te, mis on teerajaja ettev\u00f5tete, t\u00e4iskasvanute ja noorte kaasloomisel innovaatiliste kontseptsioonide, ettev\u00f5tete loomise, t\u00f6\u00f6alase konkurentsiv\u00f5ime, kirja- ja arvutusoskuste, ettev\u00f5tluse ning pehmete ja raskete oskuste koolitamisel.<\/p>\n<p>FyG tegutseb aktiivselt haridus- ja koolitusettev\u00f5ttena, edendades ja t\u00f5hustades t\u00e4iskasvanute arengut, n\u00e4hes uusi v\u00f5imalusi ja aidates neil muutuda t\u00f6\u00f6v\u00f5imelisemaks, kes seisavad silmitsi erinevate t\u00f5rjutusteguritega: haridusraskustega noored ja t\u00e4iskasvanud, majanduslike v\u00f5i sotsiaalsete takistustega t\u00f6\u00f6tud.<\/p>\n<p>FyG-l on kogemusi mitmesuguste koolituskursuste ja mentorprogrammide korraldamisel ettev\u00f5tetele, ettev\u00f5tjatele ja idufirmadele, samuti ebasoodsas olukorras olevatest r\u00fchmadest p\u00e4rit \u00fcksikisikutele. FyG tegutseb karj\u00e4\u00e4rin\u00f5ustamist, professionaalset n\u00f5ustamist ja teavitamist pakkuvana asutusena, mis pakub t\u00f6\u00f6tutele t\u00f6\u00f6turule suunamise, koolituse, hindamise ja teavitamise teenust.<\/p>\n<p>Viimastel aastatel on FyG arendanud ja rakendanud mitmeid Euroopa rahvusvahelisi koost\u00f6\u00f6projekte Erasmus+ ja COSME programmi raames, mis k\u00e4sitlevad ettev\u00f5tete loomist ja arendamist, t\u00f6\u00f6alast konkurentsiv\u00f5imet, juhtimist, Start Ups&#8217;i koolitust, rahvusvahelistumist, m\u00e4ngulisust ja ettev\u00f5tluskoolituse uuendamist.<\/p>\n<p>Veebileht: <a href=\"http:\/\/www.fygconsultores.com\/\">fygconsultores.com<\/a><\/p>\n<hr \/>\n<p style=\"text-align: center;\"><img loading=\"lazy\" decoding=\"async\" class=\"alignnone wp-image-127 size-full\" src=\"https:\/\/envirovet.erasmus.site\/wp-content\/uploads\/2022\/08\/hkik.png\" alt=\"\" width=\"300\" height=\"300\" srcset=\"https:\/\/envirovet.erasmus.site\/wp-content\/uploads\/2022\/08\/hkik.png 300w, https:\/\/envirovet.erasmus.site\/wp-content\/uploads\/2022\/08\/hkik-150x150.png 150w\" sizes=\"(max-width: 300px) 100vw, 300px\" \/><\/p>\n<p style=\"text-align: center;\"><strong>HKIK<\/strong><\/p>\n<p>Heves Maakonna Kaubandus-T\u00f6\u00f6stuskoda (HKIK) asutati 1. jaanuaril 1995. aastal p\u00e4rast koja seaduse vastuv\u00f5tmist. Selle peamine \u00fclesanne on edendada majanduse arengut ja korraldust, \u00e4ritegevuse turvalisust, turuk\u00e4itumise ausust ja ettev\u00f5tjate \u00fcldisi, \u00fchiseid huve. Koda on oma vormilt avalik-\u00f5iguslik institutsioon ja tema tegevus p\u00f5hineb omavalitsuse p\u00f5him\u00f5ttel. Koda osutab ettev\u00f5tetele tasuta mitmesuguseid majandusteenuseid. HKIKi juures tegutseb s\u00f5ltumatu projektib\u00fcroo, millel on pikaajaline kogemus pakkumiste korraldamisel, sealhulgas mitmete LLP LdV ja Erasmus+ pakkumiste edukas l\u00e4biviimine. Alates 2004. aastast oleme edukalt osalenud hangetel, mille jaoks oleme v\u00e4lja t\u00f6\u00f6tanud asjakohase strateegia.<\/p>\n<p>Koja kutse\u00f5ppe\u00fclesanded laienevad aasta-aastalt ja ulatuvad n\u00fc\u00fcd kutsen\u00f5ustamisest ja kutse\u00f5ppest kuni duaalse k\u00f5rghariduse omandamiseni. Koja \u00fclesanded: kutsehariduse korraldamine, tulevaste \u00f5pilepingute kontrollimine ja registreerimine, eksamite delegeerimine, konkursi &#8220;Tubli \u00f5pilane&#8221; korraldamine, \u00f5pipoisikohtade akrediteerimine ja kontrollimine, maakonna t\u00f6\u00f6turu koordineerimise \u00fcmarlaua ja valdkondlike t\u00f6\u00f6r\u00fchmade korraldamine ja koordineerimine, samuti koolitusinstruktorite kursused ja k\u00e4sit\u00f6\u00f6liste koolitus.<\/p>\n<p>Kutse\u00f5ppega tegelevad kolleegid hoiavad igap\u00e4evaselt kontakti nii koolide kui ka ettev\u00f5tete spetsialistidega. Kutsekoolide, ettev\u00f5tlusorganisatsioonide ja koja \u00fchine eesm\u00e4rk on moodustada k\u00f5rgelt kvalifitseeritud spetsialistide meeskond ning luua \u00f5ige tasakaal \u00fcld- ja kutsehariduse vahel, omandades kaasaegseid ja ajakohaseid teadmisi.<\/p>\n<hr \/>\n<p style=\"text-align: center;\"><img loading=\"lazy\" decoding=\"async\" class=\"alignnone wp-image-128 size-full\" src=\"https:\/\/envirovet.erasmus.site\/wp-content\/uploads\/2022\/08\/mindshift.png\" alt=\"\" width=\"300\" height=\"300\" srcset=\"https:\/\/envirovet.erasmus.site\/wp-content\/uploads\/2022\/08\/mindshift.png 300w, https:\/\/envirovet.erasmus.site\/wp-content\/uploads\/2022\/08\/mindshift-150x150.png 150w\" sizes=\"(max-width: 300px) 100vw, 300px\" \/><\/p>\n<p style=\"text-align: center;\"><strong>Mindshift<\/strong><\/p>\n<p>Mindshift on inimressurssidele spetsialiseerunud konsultatsiooniettev\u00f5te, mis investeerib inimeste p\u00e4devuste tulemuslikkusse ja t\u00e4iendkoolitusse, p\u00fc\u00fcdes suurendada organisatsioonide ja \u00fchiskonna digitaalset ja inimestevahelist k\u00fcpsust.<\/p>\n<p>Riiklikul tasandil on MINDSHIFTi \u00fcks peamisi partnereid The Key Talent Portugal, mis on sotsiaalse atraktiivsuse ja talentide hindamisele spetsialiseerunud HR-tehnoloogiline konsultatsiooniettev\u00f5te, mis t\u00f6\u00f6tab v\u00e4lja selliseid platvorme nagu Panorama ja AplyGo, mis v\u00f5imaldavad optimeerida, rakendada ja hallata digitaalset, paindlikku ja atraktiivset personaliprotsessi, mis p\u00f5hineb andmeanal\u00fc\u00fcsil.<\/p>\n<p>Euroopa tasandil oleme strateegiline partner riikidevaheliste koost\u00f6\u00f6projektide arendamisel, mille eesm\u00e4rk on luua uuenduslikke lahendusi noorte ja t\u00e4iskasvanute koolituse valdkonnas kuues p\u00f5hivaldkonnas: t\u00e4iend- ja \u00fcmber\u00f5pe, kaasamine ja t\u00f6\u00f6alane konkurentsiv\u00f5ime, s\u00e4\u00e4stev areng, naiste m\u00f5juv\u00f5imu suurendamine, ettev\u00f5tlus ja loovus ning digitaalsed talendid.<\/p>\n<p>Mindshift on tugevalt p\u00fchendunud sotsiaalse vastutuse p\u00f5him\u00f5tetele ja s\u00e4\u00e4stva arengu tegevuskavale 2030, koondades kokku erineva tausta ja t\u00f6\u00f6kogemusega t\u00f6\u00f6tajate meeskonna.<\/p>\n<p>Veebileht: <a href=\"https:\/\/www.mindshift.pt\/\">https:\/\/www.mindshift.pt\/<\/a><\/p>\n<p>Kontakt: <a href=\"mailto:geral@mindshift.pt\">geral@mindshift.pt<\/a><\/p>\n<hr \/>\n<p style=\"text-align: center;\"><img loading=\"lazy\" decoding=\"async\" class=\"alignnone wp-image-129 size-full\" src=\"https:\/\/envirovet.erasmus.site\/wp-content\/uploads\/2022\/08\/spp.png\" alt=\"\" width=\"300\" height=\"300\" srcset=\"https:\/\/envirovet.erasmus.site\/wp-content\/uploads\/2022\/08\/spp.png 300w, https:\/\/envirovet.erasmus.site\/wp-content\/uploads\/2022\/08\/spp-150x150.png 150w\" sizes=\"(max-width: 300px) 100vw, 300px\" \/><\/p>\n<p style=\"text-align: center;\"><strong>\u00a0<\/strong><\/p>\n<p>Mittetulundus\u00fching &#8220;Sotsiaalsed tugiprojektid&#8221; on ainulaadne sotsiaalne mudel Vilniuses, Leedus, mis sai alguse 2004. aastal. Salatibaar &#8220;Mano Guru&#8221; on koht, kus toimuvad suured muutused inimeste elus. Sotsiaalse reintegratsiooni programmi kaudu omandavad sotsiaalselt t\u00f5rjutud inimesed (eriti endised narko- v\u00f5i alkoholis\u00f5ltlased ja endised vangid) praktilise koolituse, et saada ettekandjaks, baarmeniks v\u00f5i kokaks. Samuti arendavad nad sotsiaalseid oskusi ja saavad konsultatsioone ps\u00fchholoogidelt ja sotsiaalt\u00f6\u00f6tajatelt. 18 aasta jooksul osutati kvaliteetseid teenuseid rohkem kui 450 sihtr\u00fchma kuuluvale osalejale, kellest umbes 80% on edukalt \u00fchiskonda reintegreerunud. Salatibaar rakendab ka j\u00e4tkusuutlikke tavasid.<\/p>","protected":false},"excerpt":{"rendered":"<p>Centrum Wspierania Edukacji i Przedsi\u0119biorczo\u015bci (CWEP) \u2013 Poola Hariduse ja ettev\u00f5tluse toetamise keskus (CWEP) on valitsusv\u00e4line organisatsioon, mille asutas 2004. aastal r\u00fchm Rzesz\u00f3wi (Poola) ettev\u00f5tjaid, \u00f5petajaid ja sotsiaalseid aktiviste. CWEP teeb koost\u00f6\u00f6d ettev\u00f5tete ja haridusasutustega. CWEPi missiooniks on t\u00f5sta hariduskoolituse kvaliteeti k\u00f5ikidel tasanditel ja k\u00f5igis selle vormides ning edendada ettev\u00f5tlust, et soodustada mis tahes sotsiaalsete&hellip;&nbsp;<a href=\"https:\/\/envirovet.erasmus.site\/et\/partners\/\" rel=\"bookmark\">Read More &raquo;<span class=\"screen-reader-text\">Partnerid<\/span><\/a><\/p>\n","protected":false},"author":1,"featured_media":0,"parent":0,"menu_order":0,"comment_status":"closed","ping_status":"closed","template":"","meta":{"neve_meta_sidebar":"","neve_meta_container":"","neve_meta_enable_content_width":"off","neve_meta_content_width":100,"neve_meta_title_alignment":"","neve_meta_author_avatar":"","neve_post_elements_order":"","neve_meta_disable_header":"","neve_meta_disable_footer":"","neve_meta_disable_title":"","footnotes":""},"class_list":["post-119","page","type-page","status-publish","hentry"],"_links":{"self":[{"href":"https:\/\/envirovet.erasmus.site\/et\/wp-json\/wp\/v2\/pages\/119","targetHints":{"allow":["GET"]}}],"collection":[{"href":"https:\/\/envirovet.erasmus.site\/et\/wp-json\/wp\/v2\/pages"}],"about":[{"href":"https:\/\/envirovet.erasmus.site\/et\/wp-json\/wp\/v2\/types\/page"}],"author":[{"embeddable":true,"href":"https:\/\/envirovet.erasmus.site\/et\/wp-json\/wp\/v2\/users\/1"}],"replies":[{"embeddable":true,"href":"https:\/\/envirovet.erasmus.site\/et\/wp-json\/wp\/v2\/comments?post=119"}],"version-history":[{"count":16,"href":"https:\/\/envirovet.erasmus.site\/et\/wp-json\/wp\/v2\/pages\/119\/revisions"}],"predecessor-version":[{"id":476,"href":"https:\/\/envirovet.erasmus.site\/et\/wp-json\/wp\/v2\/pages\/119\/revisions\/476"}],"wp:attachment":[{"href":"https:\/\/envirovet.erasmus.site\/et\/wp-json\/wp\/v2\/media?parent=119"}],"curies":[{"name":"wp","href":"https:\/\/api.w.org\/{rel}","templated":true}]}}