{"id":61,"date":"2022-08-26T10:32:50","date_gmt":"2022-08-26T10:32:50","guid":{"rendered":"https:\/\/envirovet.erasmus.site\/?page_id=61"},"modified":"2024-01-30T19:49:09","modified_gmt":"2024-01-30T19:49:09","slug":"home","status":"publish","type":"page","link":"https:\/\/envirovet.erasmus.site\/es\/","title":{"rendered":"Inicio"},"content":{"rendered":"\t\t<div data-elementor-type=\"wp-page\" data-elementor-id=\"61\" class=\"elementor elementor-61\">\n\t\t\t\t\t\t<section class=\"elementor-section elementor-top-section elementor-element elementor-element-fc18f1f elementor-section-height-min-height elementor-section-boxed elementor-section-height-default elementor-section-items-middle\" data-id=\"fc18f1f\" data-element_type=\"section\" data-e-type=\"section\" data-settings=\"{&quot;background_background&quot;:&quot;classic&quot;}\">\n\t\t\t\t\t\t<div class=\"elementor-container elementor-column-gap-default\">\n\t\t\t\t\t<div class=\"elementor-column elementor-col-50 elementor-top-column elementor-element elementor-element-942de2e\" data-id=\"942de2e\" data-element_type=\"column\" data-e-type=\"column\">\n\t\t\t<div class=\"elementor-widget-wrap elementor-element-populated\">\n\t\t\t\t\t\t<div class=\"elementor-element elementor-element-7eab5a4 elementor-widget elementor-widget-heading\" data-id=\"7eab5a4\" data-element_type=\"widget\" data-e-type=\"widget\" data-widget_type=\"heading.default\">\n\t\t\t\t<div class=\"elementor-widget-container\">\n\t\t\t\t\t<h2 class=\"elementor-heading-title elementor-size-default\">EnviroVET<\/h2>\t\t\t\t<\/div>\n\t\t\t\t<\/div>\n\t\t\t\t<div class=\"elementor-element elementor-element-a9275ea elementor-widget elementor-widget-heading\" data-id=\"a9275ea\" data-element_type=\"widget\" data-e-type=\"widget\" data-widget_type=\"heading.default\">\n\t\t\t\t<div class=\"elementor-widget-container\">\n\t\t\t\t\t<h2 class=\"elementor-heading-title elementor-size-large\">Promoting and Tracking Environmental Sustainability in\nVET\n<\/h2>\t\t\t\t<\/div>\n\t\t\t\t<\/div>\n\t\t\t\t\t<\/div>\n\t\t<\/div>\n\t\t\t\t<div class=\"elementor-column elementor-col-50 elementor-top-column elementor-element elementor-element-7c7a09f\" data-id=\"7c7a09f\" data-element_type=\"column\" data-e-type=\"column\">\n\t\t\t<div class=\"elementor-widget-wrap elementor-element-populated\">\n\t\t\t\t\t\t<div class=\"elementor-element elementor-element-f3f68d2 elementor-widget elementor-widget-text-editor\" data-id=\"f3f68d2\" data-element_type=\"widget\" data-e-type=\"widget\" data-widget_type=\"text-editor.default\">\n\t\t\t\t<div class=\"elementor-widget-container\">\n\t\t\t\t\t\t\t\t\t<p>N\u00famero do projeto: 2021-1-PL01-KA220-VET-000028039<br \/>Dura\u00e7\u00e3o do projeto: 01.01.2022 \u2013 01.01.2024<\/p>\t\t\t\t\t\t\t\t<\/div>\n\t\t\t\t<\/div>\n\t\t\t\t\t<\/div>\n\t\t<\/div>\n\t\t\t\t\t<\/div>\n\t\t<\/section>\n\t\t\t\t<section class=\"elementor-section elementor-top-section elementor-element elementor-element-36ee1e0 elementor-section-height-min-height elementor-section-boxed elementor-section-height-default elementor-section-items-middle\" data-id=\"36ee1e0\" data-element_type=\"section\" data-e-type=\"section\">\n\t\t\t\t\t\t<div class=\"elementor-container elementor-column-gap-default\">\n\t\t\t\t\t<div class=\"elementor-column elementor-col-50 elementor-top-column elementor-element elementor-element-e5c8cdc\" data-id=\"e5c8cdc\" data-element_type=\"column\" data-e-type=\"column\">\n\t\t\t<div class=\"elementor-widget-wrap elementor-element-populated\">\n\t\t\t\t\t\t<div class=\"elementor-element elementor-element-7e78b7e elementor-widget elementor-widget-menu-anchor\" data-id=\"7e78b7e\" data-element_type=\"widget\" data-e-type=\"widget\" data-widget_type=\"menu-anchor.default\">\n\t\t\t\t<div class=\"elementor-widget-container\">\n\t\t\t\t\t\t\t<div class=\"elementor-menu-anchor\" id=\"about\"><\/div>\n\t\t\t\t\t\t<\/div>\n\t\t\t\t<\/div>\n\t\t\t\t<div class=\"elementor-element elementor-element-d0c2826 elementor-widget elementor-widget-heading\" data-id=\"d0c2826\" data-element_type=\"widget\" data-e-type=\"widget\" data-widget_type=\"heading.default\">\n\t\t\t\t<div class=\"elementor-widget-container\">\n\t\t\t\t\t<h2 class=\"elementor-heading-title elementor-size-large\">Sobre o projeto<\/h2>\t\t\t\t<\/div>\n\t\t\t\t<\/div>\n\t\t\t\t<div class=\"elementor-element elementor-element-4852a22 elementor-widget elementor-widget-text-editor\" data-id=\"4852a22\" data-element_type=\"widget\" data-e-type=\"widget\" data-widget_type=\"text-editor.default\">\n\t\t\t\t<div class=\"elementor-widget-container\">\n\t\t\t\t\t\t\t\t\t<p><\/p><p>O projeto EnviroVET apoia o desenvolvimento das compet\u00eancias dos profissionais de Ensino e Forma\u00e7\u00e3o Profissional (EFP), aumentando a sua sensibiliza\u00e7\u00e3o ambiental atrav\u00e9s de uma s\u00e9rie de resultados inovadores, que incluem uma ferramenta interativa concebida para mensurar o impacte ambiental nas \u00e1reas fundamentais do setor do EFP. O projeto envolve tamb\u00e9m formandos europeus dos centros de EFP, respons\u00e1veis pelas pol\u00edticas de EFP e entidades de forma\u00e7\u00e3o em contexto de trabalho.<\/p><p>A parceria do EnviroVET abrange <em>stakeholders<\/em> com o prop\u00f3sito de gerar um impacte positivo nos profissionais e nas entidades de EFP para que se convertam em agentes da mudan\u00e7a ambiental.<\/p><p>Os objetivos do projeto s\u00e3o:<\/p><ol><li>melhorar o reconhecimento das compet\u00eancias verdes entre os profissionais de EFP;<\/li><li>aumentar a transferibilidade de compet\u00eancias verdes entre os formandos do ensino profissional;<\/li><li>implementar boas pr\u00e1ticas europeias de sustentabilidade ambiental entre as entidades de EFP;<\/li><li>estabelecer uma rede ativa e motivada de profissionais de EFP que partilhem materiais e recursos sobre sustentabilidade ambiental.<\/li><\/ol><p><\/p><p><\/p><p><\/p><p><\/p>\t\t\t\t\t\t\t\t<\/div>\n\t\t\t\t<\/div>\n\t\t\t\t\t<\/div>\n\t\t<\/div>\n\t\t\t\t<div class=\"elementor-column elementor-col-50 elementor-top-column elementor-element elementor-element-645595a\" data-id=\"645595a\" data-element_type=\"column\" data-e-type=\"column\">\n\t\t\t<div class=\"elementor-widget-wrap elementor-element-populated\">\n\t\t\t\t\t\t<div class=\"elementor-element elementor-element-4d769cf elementor-widget elementor-widget-image\" data-id=\"4d769cf\" data-element_type=\"widget\" data-e-type=\"widget\" data-widget_type=\"image.default\">\n\t\t\t\t<div class=\"elementor-widget-container\">\n\t\t\t\t\t\t\t\t\t\t\t\t\t\t\t<img fetchpriority=\"high\" decoding=\"async\" width=\"1024\" height=\"684\" src=\"https:\/\/envirovet.erasmus.site\/wp-content\/uploads\/2022\/08\/student-studying-using-laptop-computer-online-education-beautiful-woman-freelancer-writes-notes-planning-working-project-working-from-home-1024x684.jpg\" class=\"attachment-large size-large wp-image-89\" alt=\"\" srcset=\"https:\/\/envirovet.erasmus.site\/wp-content\/uploads\/2022\/08\/student-studying-using-laptop-computer-online-education-beautiful-woman-freelancer-writes-notes-planning-working-project-working-from-home-1024x684.jpg 1024w, https:\/\/envirovet.erasmus.site\/wp-content\/uploads\/2022\/08\/student-studying-using-laptop-computer-online-education-beautiful-woman-freelancer-writes-notes-planning-working-project-working-from-home-300x200.jpg 300w, https:\/\/envirovet.erasmus.site\/wp-content\/uploads\/2022\/08\/student-studying-using-laptop-computer-online-education-beautiful-woman-freelancer-writes-notes-planning-working-project-working-from-home-768x513.jpg 768w, https:\/\/envirovet.erasmus.site\/wp-content\/uploads\/2022\/08\/student-studying-using-laptop-computer-online-education-beautiful-woman-freelancer-writes-notes-planning-working-project-working-from-home-1536x1025.jpg 1536w, https:\/\/envirovet.erasmus.site\/wp-content\/uploads\/2022\/08\/student-studying-using-laptop-computer-online-education-beautiful-woman-freelancer-writes-notes-planning-working-project-working-from-home-930x620.jpg 930w, https:\/\/envirovet.erasmus.site\/wp-content\/uploads\/2022\/08\/student-studying-using-laptop-computer-online-education-beautiful-woman-freelancer-writes-notes-planning-working-project-working-from-home.jpg 2000w\" sizes=\"(max-width: 1024px) 100vw, 1024px\" \/>\t\t\t\t\t\t\t\t\t\t\t\t\t\t\t<\/div>\n\t\t\t\t<\/div>\n\t\t\t\t\t<\/div>\n\t\t<\/div>\n\t\t\t\t\t<\/div>\n\t\t<\/section>\n\t\t\t\t<section class=\"elementor-section elementor-top-section elementor-element elementor-element-3511330 elementor-section-boxed elementor-section-height-default elementor-section-height-default\" data-id=\"3511330\" data-element_type=\"section\" data-e-type=\"section\">\n\t\t\t\t\t\t<div class=\"elementor-container elementor-column-gap-default\">\n\t\t\t\t\t<div class=\"elementor-column elementor-col-100 elementor-top-column elementor-element elementor-element-ada8c71\" data-id=\"ada8c71\" data-element_type=\"column\" data-e-type=\"column\">\n\t\t\t<div class=\"elementor-widget-wrap elementor-element-populated\">\n\t\t\t\t\t\t<div class=\"elementor-element elementor-element-dd550fd elementor-widget elementor-widget-menu-anchor\" data-id=\"dd550fd\" data-element_type=\"widget\" data-e-type=\"widget\" data-widget_type=\"menu-anchor.default\">\n\t\t\t\t<div class=\"elementor-widget-container\">\n\t\t\t\t\t\t\t<div class=\"elementor-menu-anchor\" id=\"results\"><\/div>\n\t\t\t\t\t\t<\/div>\n\t\t\t\t<\/div>\n\t\t\t\t<div class=\"elementor-element elementor-element-f325eaa elementor-widget elementor-widget-heading\" data-id=\"f325eaa\" data-element_type=\"widget\" data-e-type=\"widget\" data-widget_type=\"heading.default\">\n\t\t\t\t<div class=\"elementor-widget-container\">\n\t\t\t\t\t<h2 class=\"elementor-heading-title elementor-size-large\">Resultados do projeto<\/h2>\t\t\t\t<\/div>\n\t\t\t\t<\/div>\n\t\t\t\t\t<\/div>\n\t\t<\/div>\n\t\t\t\t\t<\/div>\n\t\t<\/section>\n\t\t\t\t<section class=\"elementor-section elementor-top-section elementor-element elementor-element-5acd940 elementor-section-height-min-height elementor-section-boxed elementor-section-height-default elementor-section-items-middle\" data-id=\"5acd940\" data-element_type=\"section\" data-e-type=\"section\">\n\t\t\t\t\t\t<div class=\"elementor-container elementor-column-gap-default\">\n\t\t\t\t\t<div class=\"elementor-column elementor-col-50 elementor-top-column elementor-element elementor-element-3a077dd\" data-id=\"3a077dd\" data-element_type=\"column\" data-e-type=\"column\">\n\t\t\t<div class=\"elementor-widget-wrap elementor-element-populated\">\n\t\t\t\t\t\t<div class=\"elementor-element elementor-element-73bfc1d elementor-widget elementor-widget-image\" data-id=\"73bfc1d\" data-element_type=\"widget\" data-e-type=\"widget\" data-widget_type=\"image.default\">\n\t\t\t\t<div class=\"elementor-widget-container\">\n\t\t\t\t\t\t\t\t\t\t\t\t\t\t\t<img decoding=\"async\" width=\"1024\" height=\"682\" src=\"https:\/\/envirovet.erasmus.site\/wp-content\/uploads\/2022\/08\/close-up-portrait-of-pretty-female-manager-from-sales-department-indoor-photo-of-smiling-woman-working-in-office-with-discussing-people-1024x682.jpg\" class=\"attachment-large size-large wp-image-96\" alt=\"\" srcset=\"https:\/\/envirovet.erasmus.site\/wp-content\/uploads\/2022\/08\/close-up-portrait-of-pretty-female-manager-from-sales-department-indoor-photo-of-smiling-woman-working-in-office-with-discussing-people-1024x682.jpg 1024w, https:\/\/envirovet.erasmus.site\/wp-content\/uploads\/2022\/08\/close-up-portrait-of-pretty-female-manager-from-sales-department-indoor-photo-of-smiling-woman-working-in-office-with-discussing-people-300x200.jpg 300w, https:\/\/envirovet.erasmus.site\/wp-content\/uploads\/2022\/08\/close-up-portrait-of-pretty-female-manager-from-sales-department-indoor-photo-of-smiling-woman-working-in-office-with-discussing-people-768x512.jpg 768w, https:\/\/envirovet.erasmus.site\/wp-content\/uploads\/2022\/08\/close-up-portrait-of-pretty-female-manager-from-sales-department-indoor-photo-of-smiling-woman-working-in-office-with-discussing-people-1536x1024.jpg 1536w, https:\/\/envirovet.erasmus.site\/wp-content\/uploads\/2022\/08\/close-up-portrait-of-pretty-female-manager-from-sales-department-indoor-photo-of-smiling-woman-working-in-office-with-discussing-people-930x620.jpg 930w, https:\/\/envirovet.erasmus.site\/wp-content\/uploads\/2022\/08\/close-up-portrait-of-pretty-female-manager-from-sales-department-indoor-photo-of-smiling-woman-working-in-office-with-discussing-people.jpg 2000w\" sizes=\"(max-width: 1024px) 100vw, 1024px\" \/>\t\t\t\t\t\t\t\t\t\t\t\t\t\t\t<\/div>\n\t\t\t\t<\/div>\n\t\t\t\t\t<\/div>\n\t\t<\/div>\n\t\t\t\t<div class=\"elementor-column elementor-col-50 elementor-top-column elementor-element elementor-element-b7c6bcb\" data-id=\"b7c6bcb\" data-element_type=\"column\" data-e-type=\"column\">\n\t\t\t<div class=\"elementor-widget-wrap elementor-element-populated\">\n\t\t\t\t\t\t<div class=\"elementor-element elementor-element-653f72d elementor-widget elementor-widget-toggle\" data-id=\"653f72d\" data-element_type=\"widget\" data-e-type=\"widget\" data-widget_type=\"toggle.default\">\n\t\t\t\t<div class=\"elementor-widget-container\">\n\t\t\t\t\t\t\t<div class=\"elementor-toggle\">\n\t\t\t\t\t\t\t<div class=\"elementor-toggle-item\">\n\t\t\t\t\t<div id=\"elementor-tab-title-1061\" class=\"elementor-tab-title\" data-tab=\"1\" role=\"button\" aria-controls=\"elementor-tab-content-1061\" aria-expanded=\"false\">\n\t\t\t\t\t\t\t\t\t\t\t\t<span class=\"elementor-toggle-icon elementor-toggle-icon-left\" aria-hidden=\"true\">\n\t\t\t\t\t\t\t\t\t\t\t\t\t\t\t<span class=\"elementor-toggle-icon-closed\"><i class=\"fas fa-caret-square-down\"><\/i><\/span>\n\t\t\t\t\t\t\t\t<span class=\"elementor-toggle-icon-opened\"><i class=\"elementor-toggle-icon-opened fas fa-caret-up\"><\/i><\/span>\n\t\t\t\t\t\t\t\t\t\t\t\t\t<\/span>\n\t\t\t\t\t\t\t\t\t\t\t\t<a class=\"elementor-toggle-title\" tabindex=\"0\">EnviroVET Portef\u00f3lio de boas pr\u00e1ticas<\/a>\n\t\t\t\t\t<\/div>\n\n\t\t\t\t\t<div id=\"elementor-tab-content-1061\" class=\"elementor-tab-content elementor-clearfix\" data-tab=\"1\" role=\"region\" aria-labelledby=\"elementor-tab-title-1061\">Uma compila\u00e7\u00e3o de boas pr\u00e1ticas, estudos de caso e hist\u00f3rias de sucesso que se podem encontrar ao n\u00edvel institucional no setor do Ensino e Forma\u00e7\u00e3o Profissional.\n<p style=\"text-align: center;\"><strong><a href=\"https:\/\/envirovet.erasmus.site\/tool\/toolkit\" target=\"_blank\" rel=\"noopener\"><span style=\"text-decoration: underline;\"><strong>Aceder<\/strong><\/span><\/a><\/strong><\/p><\/div>\n\t\t\t\t<\/div>\n\t\t\t\t\t\t\t<div class=\"elementor-toggle-item\">\n\t\t\t\t\t<div id=\"elementor-tab-title-1062\" class=\"elementor-tab-title\" data-tab=\"2\" role=\"button\" aria-controls=\"elementor-tab-content-1062\" aria-expanded=\"false\">\n\t\t\t\t\t\t\t\t\t\t\t\t<span class=\"elementor-toggle-icon elementor-toggle-icon-left\" aria-hidden=\"true\">\n\t\t\t\t\t\t\t\t\t\t\t\t\t\t\t<span class=\"elementor-toggle-icon-closed\"><i class=\"fas fa-caret-square-down\"><\/i><\/span>\n\t\t\t\t\t\t\t\t<span class=\"elementor-toggle-icon-opened\"><i class=\"elementor-toggle-icon-opened fas fa-caret-up\"><\/i><\/span>\n\t\t\t\t\t\t\t\t\t\t\t\t\t<\/span>\n\t\t\t\t\t\t\t\t\t\t\t\t<a class=\"elementor-toggle-title\" tabindex=\"0\">EnviroVET Carta ambiental<\/a>\n\t\t\t\t\t<\/div>\n\n\t\t\t\t\t<div id=\"elementor-tab-content-1062\" class=\"elementor-tab-content elementor-clearfix\" data-tab=\"2\" role=\"region\" aria-labelledby=\"elementor-tab-title-1062\">Estabelece os requisitos m\u00ednimos que as entidades de EFP devem satisfazer para se considerarem amigas do ambiente.\n<p style=\"text-align: center;\"><strong><a href=\"https:\/\/envirovet.erasmus.site\/tool\/charter\" target=\"_blank\" rel=\"noopener\"><span style=\"text-decoration: underline;\">Aceder<\/span><\/a><\/strong><\/p><\/div>\n\t\t\t\t<\/div>\n\t\t\t\t\t\t\t<div class=\"elementor-toggle-item\">\n\t\t\t\t\t<div id=\"elementor-tab-title-1063\" class=\"elementor-tab-title\" data-tab=\"3\" role=\"button\" aria-controls=\"elementor-tab-content-1063\" aria-expanded=\"false\">\n\t\t\t\t\t\t\t\t\t\t\t\t<span class=\"elementor-toggle-icon elementor-toggle-icon-left\" aria-hidden=\"true\">\n\t\t\t\t\t\t\t\t\t\t\t\t\t\t\t<span class=\"elementor-toggle-icon-closed\"><i class=\"fas fa-caret-square-down\"><\/i><\/span>\n\t\t\t\t\t\t\t\t<span class=\"elementor-toggle-icon-opened\"><i class=\"elementor-toggle-icon-opened fas fa-caret-up\"><\/i><\/span>\n\t\t\t\t\t\t\t\t\t\t\t\t\t<\/span>\n\t\t\t\t\t\t\t\t\t\t\t\t<a class=\"elementor-toggle-title\" tabindex=\"0\">EnviroVET Ferramenta online de medi\u00e7\u00e3o de impacte ambiental<\/a>\n\t\t\t\t\t<\/div>\n\n\t\t\t\t\t<div id=\"elementor-tab-content-1063\" class=\"elementor-tab-content elementor-clearfix\" data-tab=\"3\" role=\"region\" aria-labelledby=\"elementor-tab-title-1063\">Uma ferramenta e m\u00e9todo de avalia\u00e7\u00e3o online, digital e de livre acesso que permite aos utilizadores partilhar, comparar e trocar boas pr\u00e1ticas de abordagens amigas do ambiente.\n<p style=\"text-align: center;\"><strong><a href=\"https:\/\/envirovet.erasmus.site\/tool\/tool\" target=\"_blank\" rel=\"noopener\"><span style=\"text-decoration: underline;\">Aceder<\/span><\/a><\/strong><\/p><\/div>\n\t\t\t\t<\/div>\n\t\t\t\t\t\t\t<div class=\"elementor-toggle-item\">\n\t\t\t\t\t<div id=\"elementor-tab-title-1064\" class=\"elementor-tab-title\" data-tab=\"4\" role=\"button\" aria-controls=\"elementor-tab-content-1064\" aria-expanded=\"false\">\n\t\t\t\t\t\t\t\t\t\t\t\t<span class=\"elementor-toggle-icon elementor-toggle-icon-left\" aria-hidden=\"true\">\n\t\t\t\t\t\t\t\t\t\t\t\t\t\t\t<span class=\"elementor-toggle-icon-closed\"><i class=\"fas fa-caret-square-down\"><\/i><\/span>\n\t\t\t\t\t\t\t\t<span class=\"elementor-toggle-icon-opened\"><i class=\"elementor-toggle-icon-opened fas fa-caret-up\"><\/i><\/span>\n\t\t\t\t\t\t\t\t\t\t\t\t\t<\/span>\n\t\t\t\t\t\t\t\t\t\t\t\t<a class=\"elementor-toggle-title\" tabindex=\"0\">EnviroVET Forma\u00e7\u00e3o online<\/a>\n\t\t\t\t\t<\/div>\n\n\t\t\t\t\t<div id=\"elementor-tab-content-1064\" class=\"elementor-tab-content elementor-clearfix\" data-tab=\"4\" role=\"region\" aria-labelledby=\"elementor-tab-title-1064\">Um curso gratuito online de 30 horas concebido para profissionais do setor do EFP.\n<p style=\"text-align: center;\"><strong><a href=\"https:\/\/envirovet.erasmus.site\/tool\/ecourse\" target=\"_blank\" rel=\"noopener\"><span style=\"text-decoration: underline;\"><strong>Aceder<\/strong><\/span><\/a><\/strong><\/p><\/div>\n\t\t\t\t<\/div>\n\t\t\t\t\t\t\t\t<\/div>\n\t\t\t\t\t\t<\/div>\n\t\t\t\t<\/div>\n\t\t\t\t\t<\/div>\n\t\t<\/div>\n\t\t\t\t\t<\/div>\n\t\t<\/section>\n\t\t\t\t<section class=\"elementor-section elementor-top-section elementor-element elementor-element-a5f6c3a elementor-section-boxed elementor-section-height-default elementor-section-height-default\" data-id=\"a5f6c3a\" data-element_type=\"section\" data-e-type=\"section\">\n\t\t\t\t\t\t<div class=\"elementor-container elementor-column-gap-default\">\n\t\t\t\t\t<div class=\"elementor-column elementor-col-100 elementor-top-column elementor-element elementor-element-33f68e2\" data-id=\"33f68e2\" data-element_type=\"column\" data-e-type=\"column\">\n\t\t\t<div class=\"elementor-widget-wrap elementor-element-populated\">\n\t\t\t\t\t\t<div class=\"elementor-element elementor-element-caadfaf elementor-widget elementor-widget-spacer\" data-id=\"caadfaf\" data-element_type=\"widget\" data-e-type=\"widget\" data-widget_type=\"spacer.default\">\n\t\t\t\t<div class=\"elementor-widget-container\">\n\t\t\t\t\t\t\t<div class=\"elementor-spacer\">\n\t\t\t<div class=\"elementor-spacer-inner\"><\/div>\n\t\t<\/div>\n\t\t\t\t\t\t<\/div>\n\t\t\t\t<\/div>\n\t\t\t\t\t<\/div>\n\t\t<\/div>\n\t\t\t\t\t<\/div>\n\t\t<\/section>\n\t\t\t\t<\/div>\n\t\t","protected":false},"excerpt":{"rendered":"<p>EnviroVET Promoting and Tracking Environmental Sustainability in VET N\u00famero del proyecto: 2021-1-PL01-KA220-VET-000028039Duraci\u00f3n del proyecto: 01.01.2022 &#8211; 01.01.2024 Sobre el proyecto El proyecto EnviroVET fomenta el desarrollo profesional de los responsables de la educaci\u00f3n y formaci\u00f3n profesionales aumentando su concienciaci\u00f3n medioambiental a trav\u00e9s de una serie de resultados innovadores, como una herramienta interactiva dise\u00f1ada para medir&hellip;&nbsp;<a href=\"https:\/\/envirovet.erasmus.site\/es\/\" rel=\"bookmark\">Leer m\u00e1s &raquo;<span class=\"screen-reader-text\">Inicio<\/span><\/a><\/p>\n","protected":false},"author":1,"featured_media":0,"parent":0,"menu_order":0,"comment_status":"closed","ping_status":"closed","template":"page-templates\/template-pagebuilder-full-width.php","meta":{"neve_meta_sidebar":"","neve_meta_container":"","neve_meta_enable_content_width":"off","neve_meta_content_width":100,"neve_meta_title_alignment":"","neve_meta_author_avatar":"","neve_post_elements_order":"","neve_meta_disable_header":"","neve_meta_disable_footer":"","neve_meta_disable_title":"","footnotes":""},"class_list":["post-61","page","type-page","status-publish","hentry"],"_links":{"self":[{"href":"https:\/\/envirovet.erasmus.site\/es\/wp-json\/wp\/v2\/pages\/61","targetHints":{"allow":["GET"]}}],"collection":[{"href":"https:\/\/envirovet.erasmus.site\/es\/wp-json\/wp\/v2\/pages"}],"about":[{"href":"https:\/\/envirovet.erasmus.site\/es\/wp-json\/wp\/v2\/types\/page"}],"author":[{"embeddable":true,"href":"https:\/\/envirovet.erasmus.site\/es\/wp-json\/wp\/v2\/users\/1"}],"replies":[{"embeddable":true,"href":"https:\/\/envirovet.erasmus.site\/es\/wp-json\/wp\/v2\/comments?post=61"}],"version-history":[{"count":171,"href":"https:\/\/envirovet.erasmus.site\/es\/wp-json\/wp\/v2\/pages\/61\/revisions"}],"predecessor-version":[{"id":482,"href":"https:\/\/envirovet.erasmus.site\/es\/wp-json\/wp\/v2\/pages\/61\/revisions\/482"}],"wp:attachment":[{"href":"https:\/\/envirovet.erasmus.site\/es\/wp-json\/wp\/v2\/media?parent=61"}],"curies":[{"name":"wp","href":"https:\/\/api.w.org\/{rel}","templated":true}]}}