{"id":119,"date":"2022-08-26T13:05:50","date_gmt":"2022-08-26T13:05:50","guid":{"rendered":"https:\/\/envirovet.erasmus.site\/?page_id=119"},"modified":"2024-01-30T19:30:18","modified_gmt":"2024-01-30T19:30:18","slug":"partners","status":"publish","type":"page","link":"https:\/\/envirovet.erasmus.site\/es\/partners\/","title":{"rendered":"Socios"},"content":{"rendered":"<p><\/p>\n<p style=\"text-align: center;\"><img fetchpriority=\"high\" decoding=\"async\" class=\"alignnone wp-image-122 size-full\" src=\"https:\/\/envirovet.erasmus.site\/wp-content\/uploads\/2022\/08\/cwep.png\" alt=\"\" width=\"300\" height=\"300\" srcset=\"https:\/\/envirovet.erasmus.site\/wp-content\/uploads\/2022\/08\/cwep.png 300w, https:\/\/envirovet.erasmus.site\/wp-content\/uploads\/2022\/08\/cwep-150x150.png 150w\" sizes=\"(max-width: 300px) 100vw, 300px\" \/><\/p>\n<p style=\"text-align: center;\"><strong>Centre For Education And Entrepreneurship Support (CWEP) \u2013 Polonia<\/strong><\/p>\n<p>Centre For Education And Entrepreneurship Support (CWEP) es una organizaci\u00f3n no gubernamental fundada en 2004 por un grupo de empresarios, profesores y activistas sociales de Rzesz\u00f3w (Polonia). CWEP coopera con empresas e instituciones educativas. La misi\u00f3n de CWEP es aumentar la calidad de la formaci\u00f3n educativa a todos los niveles y en todas sus formas, as\u00ed como promover el esp\u00edritu empresarial para favorecer la integraci\u00f3n de cualquier grupo social, independientemente de su sexo, edad u origen \u00e9tnico. En particular, sus objetivos son mejorar la accesibilidad, la calidad y la eficiencia de la educaci\u00f3n de todas las personas, promover y contribuir a la educaci\u00f3n de adultos, el aprendizaje permanente, el e-learning y el uso de las nuevas tecnolog\u00edas en la educaci\u00f3n y el esp\u00edritu empresarial. La Asociaci\u00f3n trabaja con numerosos socios de Europa para reforzar la posici\u00f3n econ\u00f3mica de las empresas y ofrece plataformas en l\u00ednea para las empresas.<\/p>\n<p>P\u00e1gina web: <a href=\"http:\/\/www.cwep.eu\">www.cwep.eu<\/a><\/p>\n<hr \/>\n<p style=\"text-align: center;\"><img decoding=\"async\" class=\"size-full wp-image-121 aligncenter\" src=\"https:\/\/envirovet.erasmus.site\/wp-content\/uploads\/2022\/08\/cuiblue.png\" alt=\"\" width=\"300\" height=\"300\" srcset=\"https:\/\/envirovet.erasmus.site\/wp-content\/uploads\/2022\/08\/cuiblue.png 300w, https:\/\/envirovet.erasmus.site\/wp-content\/uploads\/2022\/08\/cuiblue-150x150.png 150w\" sizes=\"(max-width: 300px) 100vw, 300px\" \/><strong>Cuiablue O\u00dc<\/strong><strong> \u2013 E<\/strong><strong>stonia<\/strong><\/p>\n<p>Cuiablue O\u00dc es una empresa social que impulsa un cambio social y medioambiental positivo a trav\u00e9s de soluciones educativas creativas para el aprendizaje informal y la formaci\u00f3n profesional personalizada. Cuiablue O\u00dc se especializa en el dise\u00f1o de herramientas innovadoras para apoyar los movimientos de aprendizaje mediante la colaboraci\u00f3n con grupos de personas para avanzar en sus ideas medioambientales, sociales o culturales al tiempo que desarrollan sus habilidades y conocimientos.<\/p>\n<hr \/>\n<p style=\"text-align: center;\"><img decoding=\"async\" class=\"alignnone wp-image-123 size-full\" src=\"https:\/\/envirovet.erasmus.site\/wp-content\/uploads\/2022\/08\/efe.png\" alt=\"\" width=\"300\" height=\"300\" srcset=\"https:\/\/envirovet.erasmus.site\/wp-content\/uploads\/2022\/08\/efe.png 300w, https:\/\/envirovet.erasmus.site\/wp-content\/uploads\/2022\/08\/efe-150x150.png 150w\" sizes=\"(max-width: 300px) 100vw, 300px\" \/><\/p>\n<p style=\"text-align: center;\"><strong>Ecological Future Education (EFE) \u2013 Letonia<\/strong><\/p>\n<p>Ecological Future Education (en adelante &#8211; EFE) es una organizaci\u00f3n privada sin \u00e1nimo de lucro que ha sido creada para promover una mentalidad de desarrollo sostenible en la vida cotidiana.<\/p>\n<p>EFE pretende ayudar a introducir un nuevo m\u00e9todo de aprendizaje y pensamiento que promueva la conciencia medioambiental como una aventura interesante en la que todos participan, haciendo as\u00ed del mundo un lugar mejor.<\/p>\n<p>Adem\u00e1s, EFE trabaja con ciudadanos responsables y concienciando sobre los problemas medioambientales y c\u00f3mo nos afectan. Su objetivo es informar a los j\u00f3venes sobre cuestiones medioambientales, concienciarlos sobre h\u00e1bitos cotidianos, mejorar sus habilidades y competencias en relaci\u00f3n con el pensamiento ecol\u00f3gico y aumentar su responsabilidad social.<\/p>\n<p>EFE imparte formaci\u00f3n a educadores, formadores y animadores juveniles adem\u00e1s de a los j\u00f3venes. Su principal objetivo es proporcionar un acceso simplificado a la educaci\u00f3n y apoyar a los j\u00f3venes y a sus familias garantizando la accesibilidad a la educaci\u00f3n.<\/p>\n<p>P\u00e1gina web: <a href=\"http:\/\/www.efe.lv\/eng\">www.efe.lv\/eng<\/a><\/p>\n<hr \/>\n<p style=\"text-align: center;\"><img loading=\"lazy\" decoding=\"async\" class=\"alignnone wp-image-126 size-full\" src=\"https:\/\/envirovet.erasmus.site\/wp-content\/uploads\/2022\/08\/fyg.png\" alt=\"\" width=\"300\" height=\"300\" srcset=\"https:\/\/envirovet.erasmus.site\/wp-content\/uploads\/2022\/08\/fyg.png 300w, https:\/\/envirovet.erasmus.site\/wp-content\/uploads\/2022\/08\/fyg-150x150.png 150w\" sizes=\"(max-width: 300px) 100vw, 300px\" \/><\/p>\n<p style=\"text-align: center;\"><strong>FYG<\/strong><\/p>\n<p>Instalofi Levante S.L. (FyG Consultores) es una empresa privada de formaci\u00f3n de alto nivel, pionera en la co-creaci\u00f3n con empresas, adultos y j\u00f3venes en la formaci\u00f3n en conceptos innovadores, creaci\u00f3n de empresas, competencias b\u00e1sicas de empleabilidad, alfabetizaci\u00f3n y habilidades num\u00e9ricas, emprendimiento y formaci\u00f3n en habilidades.<\/p>\n<p>FyG act\u00faa activamente como empresa de educaci\u00f3n y formaci\u00f3n, promoviendo y potenciando el desarrollo de adultos, buscando nuevas oportunidades y ayud\u00e1ndoles a ser m\u00e1s empleables, enfrent\u00e1ndose a diferentes factores de exclusi\u00f3n: j\u00f3venes y adultos con dificultades educativas, desempleados con obst\u00e1culos econ\u00f3micos o sociales.<\/p>\n<p>FyG tiene experiencia en la ejecuci\u00f3n de una amplia gama de cursos de formaci\u00f3n y programas de tutor\u00eda para empresas, emprendedores, Start-Ups, y tambi\u00e9n con individuos de colectivos desfavorecidos. Act\u00faa como organismo de orientaci\u00f3n profesional, asesoramiento e informaci\u00f3n proporcionando servicios de inserci\u00f3n laboral e intermediaci\u00f3n en el mercado de trabajo para desempleados como: orientaci\u00f3n, formaci\u00f3n, evaluaci\u00f3n e informaci\u00f3n.<\/p>\n<p>En los \u00faltimos a\u00f1os, FyG ha desarrollado e implementado una serie de proyectos europeos de cooperaci\u00f3n internacional con Erasmus+ y el programa COSME, relacionados con la creaci\u00f3n y desarrollo de empresas, empleabilidad, gesti\u00f3n, formaci\u00f3n de Start Ups, internacionalizaci\u00f3n, Gamificaci\u00f3n e Innovaci\u00f3n de la Formaci\u00f3n Empresarial.<\/p>\n<p>P\u00e1gina web: <a href=\"http:\/\/www.fygconsultores.com\/\">fygconsultores.com<\/a><\/p>\n<hr \/>\n<p style=\"text-align: center;\"><img loading=\"lazy\" decoding=\"async\" class=\"alignnone wp-image-127 size-full\" src=\"https:\/\/envirovet.erasmus.site\/wp-content\/uploads\/2022\/08\/hkik.png\" alt=\"\" width=\"300\" height=\"300\" srcset=\"https:\/\/envirovet.erasmus.site\/wp-content\/uploads\/2022\/08\/hkik.png 300w, https:\/\/envirovet.erasmus.site\/wp-content\/uploads\/2022\/08\/hkik-150x150.png 150w\" sizes=\"(max-width: 300px) 100vw, 300px\" \/><\/p>\n<p style=\"text-align: center;\"><strong>HKIK<\/strong><\/p>\n<p>La C\u00e1mara de Comercio e Industria del Condado de Heves (HKIK) se cre\u00f3 el 1 de enero de 1995 tras la aprobaci\u00f3n de la Ley de C\u00e1maras. Su principal cometido es promover el desarrollo y la organizaci\u00f3n de la econom\u00eda, la seguridad de las transacciones comerciales, la equidad del comportamiento del mercado y los intereses generales y comunes de los agentes econ\u00f3micos. En cuanto a su estructura, la C\u00e1mara es una instituci\u00f3n p\u00fablica y sus actividades se basan en el principio de la autogesti\u00f3n. La C\u00e1mara presta diversos servicios econ\u00f3micos gratuitos a las empresas. HKIK cuenta con una Oficina de Proyectos independiente con muchos a\u00f1os de experiencia en licitaciones, incluida la realizaci\u00f3n exitosa de varias licitaciones LLP LdV y Erasmus+. Desde 2004 participa con \u00e9xito en licitaciones para las que ha desarrollado una estrategia adecuada.<\/p>\n<p>Las tareas de formaci\u00f3n profesional de la C\u00e1mara se ampl\u00edan de a\u00f1o en a\u00f1o y ahora abarcan desde la orientaci\u00f3n profesional y la formaci\u00f3n profesional hasta la educaci\u00f3n superior dual. Las tareas de la C\u00e1mara son: organizar la formaci\u00f3n profesional, comprobar y registrar los futuros contratos de aprendizaje, delegar los ex\u00e1menes, organizar el concurso \u00abEstudiante Excelente del Oficio\u00bb, acreditar y controlar los puestos de aprendices, organizar y coordinar la mesa redonda del Condado sobre coordinaci\u00f3n del mercado laboral y los grupos de trabajo sectoriales, as\u00ed como los cursos de formaci\u00f3n de instructores y la formaci\u00f3n de artesanos.<\/p>\n<p>Los miembros que trabajan en la formaci\u00f3n profesional mantienen un contacto diario tanto con los profesionales de las escuelas como con los de las empresas. El objetivo com\u00fan de las escuelas de formaci\u00f3n profesional, las organizaciones empresariales y la C\u00e1mara es formar un equipo de profesionales altamente cualificados y crear el equilibrio adecuado entre la educaci\u00f3n general y la formaci\u00f3n profesional mediante la adquisici\u00f3n de conocimientos modernos y actualizados.<\/p>\n<hr \/>\n<p style=\"text-align: center;\"><img loading=\"lazy\" decoding=\"async\" class=\"alignnone wp-image-128 size-full\" src=\"https:\/\/envirovet.erasmus.site\/wp-content\/uploads\/2022\/08\/mindshift.png\" alt=\"\" width=\"300\" height=\"300\" srcset=\"https:\/\/envirovet.erasmus.site\/wp-content\/uploads\/2022\/08\/mindshift.png 300w, https:\/\/envirovet.erasmus.site\/wp-content\/uploads\/2022\/08\/mindshift-150x150.png 150w\" sizes=\"(max-width: 300px) 100vw, 300px\" \/><\/p>\n<p style=\"text-align: center;\"><strong>Mindshift<\/strong><\/p>\n<p>Mindshift es una consultora especializada en Recursos Humanos que apuesta por el desempe\u00f1o y el desarrollo de las competencias de las personas, buscando potenciar la madurez digital e interpersonal de las organizaciones y de la sociedad.<\/p>\n<p>A nivel nacional, MINDSHIFT tiene como uno de sus principales socios The Key Talent Portugal, una HR Tech Consulting especializada en Atracci\u00f3n Social y Evaluaci\u00f3n del Talento que desarrolla plataformas, como Panorama y AplyGo, que permiten optimizar, implementar y gestionar procesos de RRHH digitales, \u00e1giles y atractivos basados en el an\u00e1lisis de datos.<\/p>\n<p>A nivel europeo, es un socio estrat\u00e9gico para el desarrollo de proyectos de cooperaci\u00f3n transnacional con el objetivo de crear soluciones innovadoras en el \u00e1mbito de la formaci\u00f3n de j\u00f3venes y adultos, en seis \u00e1reas clave: mejora y recualificaci\u00f3n de competencias, inclusi\u00f3n y empleabilidad, desarrollo sostenible, empoderamiento de la mujer, emprendimiento y creatividad, y talento digital.<\/p>\n<p>Mindshift est\u00e1 firmemente comprometida con los principios de Responsabilidad Social y la Agenda 2030 para el Desarrollo Sostenible, reuniendo a un equipo de personal con diversas formaciones y experiencia profesional.<\/p>\n<p>P\u00e1gina web: <a href=\"https:\/\/www.mindshift.pt\/\">https:\/\/www.mindshift.pt\/<\/a><\/p>\n<p>Contacto: <a href=\"mailto:geral@mindshift.pt\">geral@mindshift.pt<\/a><\/p>\n<hr \/>\n<p style=\"text-align: center;\"><img loading=\"lazy\" decoding=\"async\" class=\"alignnone wp-image-129 size-full\" src=\"https:\/\/envirovet.erasmus.site\/wp-content\/uploads\/2022\/08\/spp.png\" alt=\"\" width=\"300\" height=\"300\" srcset=\"https:\/\/envirovet.erasmus.site\/wp-content\/uploads\/2022\/08\/spp.png 300w, https:\/\/envirovet.erasmus.site\/wp-content\/uploads\/2022\/08\/spp-150x150.png 150w\" sizes=\"(max-width: 300px) 100vw, 300px\" \/><\/p>\n<p style=\"text-align: center;\"><strong>\u00a0<\/strong><\/p>\n<p>La organizaci\u00f3n sin \u00e1nimo de lucro \u00abSocial Support Projects\u00bb es un modelo social \u00fanico en Vilna (Lituania), creado en 2004. El bar de ensaladas \u00abMano Guru\u00bb es un lugar donde se producen grandes cambios en la vida de las personas. A trav\u00e9s de un programa de reinserci\u00f3n social, personas socialmente marginadas (especialmente ex drogadictos o alcoh\u00f3licos y ex reclusos) adquieren formaci\u00f3n pr\u00e1ctica para convertirse en camareros, barman o cocineros. Tambi\u00e9n desarrollan habilidades sociales y reciben consultas de psic\u00f3logos y trabajadores sociales. A lo largo de 18 a\u00f1os, se han prestado servicios de calidad a m\u00e1s de 450 participantes de los colectivos objetivo, de los cuales cerca del 80% se han reintegrado con \u00e9xito en la sociedad. El bar de ensaladas tambi\u00e9n aplica pr\u00e1cticas sostenibles.<\/p>","protected":false},"excerpt":{"rendered":"<p>Centre For Education And Entrepreneurship Support (CWEP) \u2013 Polonia Centre For Education And Entrepreneurship Support (CWEP) es una organizaci\u00f3n no gubernamental fundada en 2004 por un grupo de empresarios, profesores y activistas sociales de Rzesz\u00f3w (Polonia). CWEP coopera con empresas e instituciones educativas. La misi\u00f3n de CWEP es aumentar la calidad de la formaci\u00f3n educativa&hellip;&nbsp;<a href=\"https:\/\/envirovet.erasmus.site\/es\/partners\/\" rel=\"bookmark\">Leer m\u00e1s &raquo;<span class=\"screen-reader-text\">Socios<\/span><\/a><\/p>\n","protected":false},"author":1,"featured_media":0,"parent":0,"menu_order":0,"comment_status":"closed","ping_status":"closed","template":"","meta":{"neve_meta_sidebar":"","neve_meta_container":"","neve_meta_enable_content_width":"off","neve_meta_content_width":100,"neve_meta_title_alignment":"","neve_meta_author_avatar":"","neve_post_elements_order":"","neve_meta_disable_header":"","neve_meta_disable_footer":"","neve_meta_disable_title":"","footnotes":""},"class_list":["post-119","page","type-page","status-publish","hentry"],"_links":{"self":[{"href":"https:\/\/envirovet.erasmus.site\/es\/wp-json\/wp\/v2\/pages\/119","targetHints":{"allow":["GET"]}}],"collection":[{"href":"https:\/\/envirovet.erasmus.site\/es\/wp-json\/wp\/v2\/pages"}],"about":[{"href":"https:\/\/envirovet.erasmus.site\/es\/wp-json\/wp\/v2\/types\/page"}],"author":[{"embeddable":true,"href":"https:\/\/envirovet.erasmus.site\/es\/wp-json\/wp\/v2\/users\/1"}],"replies":[{"embeddable":true,"href":"https:\/\/envirovet.erasmus.site\/es\/wp-json\/wp\/v2\/comments?post=119"}],"version-history":[{"count":16,"href":"https:\/\/envirovet.erasmus.site\/es\/wp-json\/wp\/v2\/pages\/119\/revisions"}],"predecessor-version":[{"id":476,"href":"https:\/\/envirovet.erasmus.site\/es\/wp-json\/wp\/v2\/pages\/119\/revisions\/476"}],"wp:attachment":[{"href":"https:\/\/envirovet.erasmus.site\/es\/wp-json\/wp\/v2\/media?parent=119"}],"curies":[{"name":"wp","href":"https:\/\/api.w.org\/{rel}","templated":true}]}}